{"id":273,"date":"2026-02-05T10:25:50","date_gmt":"2026-02-05T10:25:50","guid":{"rendered":"https:\/\/new.joliflair.com\/?page_id=273"},"modified":"2026-03-05T02:41:22","modified_gmt":"2026-03-05T02:41:22","slug":"cau-chuyen-thuong-hieu","status":"publish","type":"page","link":"https:\/\/new.joliflair.com\/en\/cau-chuyen-thuong-hieu\/","title":{"rendered":"Brand Story"},"content":{"rendered":"<div data-elementor-type=\"wp-page\" data-elementor-id=\"273\" class=\"elementor elementor-273\" data-elementor-post-type=\"page\">\n\t\t\t\t<div class=\"elementor-element elementor-element-adae663 e-flex e-con-boxed e-con e-parent\" data-id=\"adae663\" data-element_type=\"container\" data-e-type=\"container\">\n\t\t\t\t\t<div class=\"e-con-inner\">\n\t\t\t\t<div class=\"elementor-element elementor-element-e8dbb29 elementor-widget elementor-widget-spacer\" data-id=\"e8dbb29\" data-element_type=\"widget\" data-e-type=\"widget\" data-widget_type=\"spacer.default\">\n\t\t\t\t\t\t\t<div class=\"elementor-spacer\">\n\t\t\t<div class=\"elementor-spacer-inner\"><\/div>\n\t\t<\/div>\n\t\t\t\t\t\t<\/div>\n\t\t\t\t\t<\/div>\n\t\t\t\t<\/div>\n\t\t<div class=\"elementor-element elementor-element-fa439be e-con-full e-flex e-con e-parent\" data-id=\"fa439be\" data-element_type=\"container\" data-e-type=\"container\">\n\t\t\t\t<div class=\"elementor-element elementor-element-fc7e220 elementor-widget elementor-widget-heading\" data-id=\"fc7e220\" data-element_type=\"widget\" data-e-type=\"widget\" data-widget_type=\"heading.default\">\n\t\t\t\t\t<h2 class=\"elementor-heading-title elementor-size-default\">Brand Story<\/h2>\t\t\t\t<\/div>\n\t\t\t\t<div class=\"elementor-element elementor-element-44ceb6b elementor-widget elementor-widget-text-editor\" data-id=\"44ceb6b\" data-element_type=\"widget\" data-e-type=\"widget\" data-widget_type=\"text-editor.default\">\n\t\t\t\t\t\t\t\t\t<p><span style=\"font-weight: 400;\">JOLIFLAIR ra \u0111\u1eddi t\u1eeb m\u1ed9t ni\u1ec1m tin gi\u1ea3n d\u1ecb nh\u01b0ng b\u1ec1n v\u1eefng: <\/span><b><i>\u201cM\u00f9i h\u01b0\u01a1ng kh\u00f4ng ch\u1ec9 l\u00e0 s\u1ea3n ph\u1ea9m, m\u00e0 l\u00e0 d\u1ea5u \u1ea5n c\u1ee7a c\u1ea3m x\u00fac, k\u00fd \u1ee9c v\u00e0 b\u1ea3n s\u1eafc th\u01b0\u01a1ng hi\u1ec7u.\u201d<\/i><\/b><b><i><br \/><\/i><\/b><span style=\"font-weight: 400;\"> Trong m\u1ed9t th\u1ebf gi\u1edbi n\u01a1i m\u1ed7i th\u01b0\u01a1ng hi\u1ec7u \u0111\u1ec1u n\u1ed7 l\u1ef1c \u0111\u1ec3 tr\u1edf n\u00ean kh\u00e1c bi\u1ec7t v\u00e0 \u0111\u01b0\u1ee3c ghi nh\u1edb, JOLIFLAIR l\u1ef1a ch\u1ecdn con \u0111\u01b0\u1eddng x\u00e2y d\u1ef1ng m\u1ed9t nh\u00e0 m\u00e1y s\u1ea3n xu\u1ea5t n\u01b0\u1edbc hoa v\u1edbi t\u01b0 duy s\u00e1ng t\u1ea1o, n\u1ec1n t\u1ea3ng khoa h\u1ecdc chu\u1ea9n m\u1ef1c v\u00e0 c\u1ea3m h\u1ee9ng ngh\u1ec7 thu\u1eadt l\u00e0m kim ch\u1ec9 nam cho m\u1ecdi ho\u1ea1t \u0111\u1ed9ng.<\/span><\/p><p><span style=\"font-weight: 400;\">Ch\u00fang t\u00f4i tin r\u1eb1ng, m\u1ed9t m\u00f9i h\u01b0\u01a1ng th\u1eadt s\u1ef1 gi\u00e1 tr\u1ecb kh\u00f4ng th\u1ec3 \u0111\u01b0\u1ee3c t\u1ea1o ra m\u1ed9t c\u00e1ch v\u1ed9i v\u00e0ng. \u0110\u00f3 ph\u1ea3i l\u00e0 k\u1ebft qu\u1ea3 c\u1ee7a s\u1ef1 giao thoa tinh t\u1ebf gi\u1eefa c\u00f4ng ngh\u1ec7 hi\u1ec7n \u0111\u1ea1i v\u00e0 c\u1ea3m nh\u1eadn s\u00e2u s\u1eafc c\u1ee7a con ng\u01b0\u1eddi. T\u1ea1i JOLIFLAIR, t\u1eebng c\u00f4ng th\u1ee9c h\u01b0\u01a1ng \u0111\u1ec1u \u0111\u01b0\u1ee3c nghi\u00ean c\u1ee9u k\u1ef9 l\u01b0\u1ee1ng, c\u00e2n ch\u1ec9nh t\u1ec9 m\u1ec9 qua nhi\u1ec1u l\u1ea7n th\u1eed nghi\u1ec7m; t\u1eebng nguy\u00ean li\u1ec7u \u0111\u01b0\u1ee3c ch\u1ecdn l\u1ecdc nghi\u00eam ng\u1eb7t t\u1eeb nh\u1eefng nh\u00e0 cung c\u1ea5p uy t\u00edn; v\u00e0 t\u1eebng quy tr\u00ecnh s\u1ea3n xu\u1ea5t \u0111\u1ec1u tu\u00e2n th\u1ee7 c\u00e1c ti\u00eau chu\u1ea9n ch\u1ea5t l\u01b0\u1ee3ng qu\u1ed1c t\u1ebf, nh\u1eb1m \u0111\u1ea3m b\u1ea3o \u0111\u1ed9 \u1ed5n \u0111\u1ecbnh, an to\u00e0n v\u00e0 t\u00ednh nh\u1ea5t qu\u00e1n cho m\u1ed7i s\u1ea3n ph\u1ea9m.<\/span><\/p><p><span style=\"font-weight: 400;\">Tuy nhi\u00ean, \u0111i\u1ec1u l\u00e0m n\u00ean b\u1ea3n s\u1eafc c\u1ee7a JOLIFLAIR kh\u00f4ng ch\u1ec9 n\u1eb1m \u1edf d\u00e2y chuy\u1ec1n s\u1ea3n xu\u1ea5t hi\u1ec7n \u0111\u1ea1i hay ph\u00f2ng th\u00ed nghi\u1ec7m \u0111\u1ea1t chu\u1ea9n. Gi\u00e1 tr\u1ecb c\u1ed1t l\u00f5i c\u1ee7a ch\u00fang t\u00f4i \u0111\u01b0\u1ee3c h\u00ecnh th\u00e0nh t\u1eeb tinh th\u1ea7n s\u00e1ng t\u1ea1o v\u00e0 s\u1ef1 t\u1eadn t\u00e2m c\u1ee7a con ng\u01b0\u1eddi \u2013 nh\u1eefng perfumer, k\u1ef9 s\u01b0 v\u00e0 chuy\u00ean gia m\u00f9i h\u01b0\u01a1ng lu\u00f4n \u0111\u1eb7t ra c\u00e2u h\u1ecfi c\u1ed1t l\u00f5i:<\/span><span style=\"font-weight: 400;\"><br \/><\/span><i><span style=\"font-weight: 400;\"> \u201cL\u00e0m th\u1ebf n\u00e0o \u0111\u1ec3 m\u1ed7i th\u01b0\u01a1ng hi\u1ec7u s\u1edf h\u1eefu m\u1ed9t m\u00f9i h\u01b0\u01a1ng mang d\u1ea5u \u1ea5n ri\u00eang, kh\u00f4ng th\u1ec3 tr\u1ed9n l\u1eabn?\u201d<\/span><\/i><\/p><p><span style=\"font-weight: 400;\">Ch\u00ednh c\u00e2u h\u1ecfi \u1ea5y \u0111\u00e3 \u0111\u1ecbnh h\u00ecnh tri\u1ebft l\u00fd l\u00e0m vi\u1ec7c c\u1ee7a JOLIFLAIR. Ch\u00fang t\u00f4i kh\u00f4ng ti\u1ebfp c\u1eadn n\u01b0\u1edbc hoa nh\u01b0 m\u1ed9t s\u1ea3n ph\u1ea9m \u0111\u1ea1i tr\u00e0, m\u00e0 nh\u01b0 m\u1ed9t ng\u00f4n ng\u1eef c\u1ea3m x\u00fac, c\u00f3 kh\u1ea3 n\u0103ng k\u1ec3 c\u00e2u chuy\u1ec7n th\u01b0\u01a1ng hi\u1ec7u b\u1eb1ng c\u00e1ch tinh t\u1ebf v\u00e0 b\u1ec1n b\u1ec9 nh\u1ea5t. V\u00ec v\u1eady, JOLIFLAIR kh\u00f4ng ch\u1ec9 gia c\u00f4ng n\u01b0\u1edbc hoa, m\u00e0 tr\u1edf th\u00e0nh \u0111\u1ed1i t\u00e1c \u0111\u1ed3ng h\u00e0nh c\u00f9ng kh\u00e1ch h\u00e0ng t\u1eeb nh\u1eefng b\u01b0\u1edbc \u0111\u1ea7u ti\u00ean: t\u1eeb x\u00e2y d\u1ef1ng c\u00e2u chuy\u1ec7n th\u01b0\u01a1ng hi\u1ec7u, \u0111\u1ecbnh h\u00ecnh concept m\u00f9i h\u01b0\u01a1ng, l\u1ef1a ch\u1ecdn phong c\u00e1ch thi\u1ebft k\u1ebf bao b\u00ec, cho \u0111\u1ebfn s\u1ea3n xu\u1ea5t, ra m\u1eaft v\u00e0 ph\u00e1t tri\u1ec3n s\u1ea3n ph\u1ea9m d\u00e0i h\u1ea1n.<\/span><\/p><p><span style=\"font-weight: 400;\">M\u1ed7i chai n\u01b0\u1edbc hoa ho\u00e0n thi\u1ec7n t\u1ea1i nh\u00e0 m\u00e1y JOLIFLAIR kh\u00f4ng \u0111\u01a1n thu\u1ea7n l\u00e0 m\u1ed9t th\u00e0nh ph\u1ea9m k\u1ef9 thu\u1eadt, m\u00e0 l\u00e0 m\u1ed9t c\u00e2u chuy\u1ec7n \u0111\u01b0\u1ee3c ch\u01b0ng c\u1ea5t t\u1eeb c\u1ea3m x\u00fac, khoa h\u1ecdc v\u00e0 kh\u00e1t v\u1ecdng s\u00e1ng t\u1ea1o. \u0110\u00f3 l\u00e0 n\u01a1i c\u00e1 t\u00ednh th\u01b0\u01a1ng hi\u1ec7u \u0111\u01b0\u1ee3c chuy\u1ec3n h\u00f3a th\u00e0nh m\u00f9i h\u01b0\u01a1ng, n\u01a1i nh\u1eefng gi\u00e1 tr\u1ecb v\u00f4 h\u00ecnh tr\u1edf n\u00ean h\u1eefu h\u00ecnh v\u00e0 c\u00f3 th\u1ec3 \u0111\u01b0\u1ee3c c\u1ea3m nh\u1eadn b\u1eb1ng gi\u00e1c quan.<\/span><\/p><p><span style=\"font-weight: 400;\">V\u00e0 h\u00e0nh tr\u00ecnh c\u1ee7a JOLIFLAIR v\u1eabn \u0111ang ti\u1ebfp t\u1ee5c. Ch\u00fang t\u00f4i ki\u00ean \u0111\u1ecbnh v\u1edbi s\u1ee9 m\u1ec7nh ki\u1ebfn t\u1ea1o nh\u1eefng m\u00f9i h\u01b0\u01a1ng mang b\u1ea3n s\u1eafc ri\u00eang, g\u00f3p ph\u1ea7n gi\u00fap m\u1ed7i th\u01b0\u01a1ng hi\u1ec7u kh\u00f4ng ch\u1ec9 \u0111\u01b0\u1ee3c nh\u00ecn th\u1ea5y tr\u00ean th\u1ecb tr\u01b0\u1eddng, m\u00e0 c\u00f2n \u0111\u01b0\u1ee3c ghi nh\u1edb, c\u1ea3m nh\u1eadn v\u00e0 k\u1ebft n\u1ed1i theo c\u00e1ch s\u00e2u s\u1eafc v\u00e0 l\u00e2u d\u00e0i.<\/span><\/p>\t\t\t\t\t\t\t\t<\/div>\n\t\t\t\t<\/div>\n\t\t<div class=\"elementor-element elementor-element-2ea154d e-flex e-con-boxed e-con e-parent\" data-id=\"2ea154d\" data-element_type=\"container\" data-e-type=\"container\">\n\t\t\t\t\t<div class=\"e-con-inner\">\n\t\t\t\t<div class=\"elementor-element elementor-element-02f5fdf elementor-widget elementor-widget-spacer\" data-id=\"02f5fdf\" data-element_type=\"widget\" data-e-type=\"widget\" data-widget_type=\"spacer.default\">\n\t\t\t\t\t\t\t<div class=\"elementor-spacer\">\n\t\t\t<div class=\"elementor-spacer-inner\"><\/div>\n\t\t<\/div>\n\t\t\t\t\t\t<\/div>\n\t\t\t\t\t<\/div>\n\t\t\t\t<\/div>\n\t\t\t\t<\/div>","protected":false},"excerpt":{"rendered":"<p>C\u00e2u Chuy\u1ec7n Th\u01b0\u01a1ng Hi\u1ec7u JOLIFLAIR ra \u0111\u1eddi t\u1eeb m\u1ed9t ni\u1ec1m tin gi\u1ea3n d\u1ecb nh\u01b0ng b\u1ec1n v\u1eefng: \u201cM\u00f9i h\u01b0\u01a1ng kh\u00f4ng ch\u1ec9 l\u00e0 s\u1ea3n ph\u1ea9m, m\u00e0 l\u00e0 d\u1ea5u \u1ea5n c\u1ee7a c\u1ea3m x\u00fac, k\u00fd \u1ee9c v\u00e0 b\u1ea3n s\u1eafc th\u01b0\u01a1ng hi\u1ec7u.\u201d Trong m\u1ed9t th\u1ebf gi\u1edbi n\u01a1i m\u1ed7i th\u01b0\u01a1ng hi\u1ec7u \u0111\u1ec1u n\u1ed7 l\u1ef1c \u0111\u1ec3 tr\u1edf n\u00ean kh\u00e1c bi\u1ec7t v\u00e0 \u0111\u01b0\u1ee3c&#8230;<\/p>","protected":false},"author":1,"featured_media":0,"parent":0,"menu_order":0,"comment_status":"closed","ping_status":"closed","template":"","meta":{"_kad_post_transparent":"","_kad_post_title":"hide","_kad_post_layout":"fullwidth","_kad_post_sidebar_id":"","_kad_post_content_style":"unboxed","_kad_post_vertical_padding":"hide","_kad_post_feature":"hide","_kad_post_feature_position":"","_kad_post_header":false,"_kad_post_footer":false,"_kad_post_classname":"","footnotes":""},"class_list":["post-273","page","type-page","status-publish","hentry"],"_links":{"self":[{"href":"https:\/\/new.joliflair.com\/en\/wp-json\/wp\/v2\/pages\/273","targetHints":{"allow":["GET"]}}],"collection":[{"href":"https:\/\/new.joliflair.com\/en\/wp-json\/wp\/v2\/pages"}],"about":[{"href":"https:\/\/new.joliflair.com\/en\/wp-json\/wp\/v2\/types\/page"}],"author":[{"embeddable":true,"href":"https:\/\/new.joliflair.com\/en\/wp-json\/wp\/v2\/users\/1"}],"replies":[{"embeddable":true,"href":"https:\/\/new.joliflair.com\/en\/wp-json\/wp\/v2\/comments?post=273"}],"version-history":[{"count":10,"href":"https:\/\/new.joliflair.com\/en\/wp-json\/wp\/v2\/pages\/273\/revisions"}],"predecessor-version":[{"id":1601,"href":"https:\/\/new.joliflair.com\/en\/wp-json\/wp\/v2\/pages\/273\/revisions\/1601"}],"wp:attachment":[{"href":"https:\/\/new.joliflair.com\/en\/wp-json\/wp\/v2\/media?parent=273"}],"curies":[{"name":"wp","href":"https:\/\/api.w.org\/{rel}","templated":true}]}}