{"id":278,"date":"2026-02-05T10:29:00","date_gmt":"2026-02-05T10:29:00","guid":{"rendered":"https:\/\/new.joliflair.com\/?page_id=278"},"modified":"2026-03-04T07:44:02","modified_gmt":"2026-03-04T07:44:02","slug":"nha-may","status":"publish","type":"page","link":"https:\/\/new.joliflair.com\/en\/nha-may\/","title":{"rendered":"Factory"},"content":{"rendered":"<div data-elementor-type=\"wp-page\" data-elementor-id=\"278\" class=\"elementor elementor-278\" data-elementor-post-type=\"page\">\n\t\t\t\t<div class=\"elementor-element elementor-element-3d618c4 e-con-full e-flex e-con e-parent\" data-id=\"3d618c4\" data-element_type=\"container\" data-e-type=\"container\" data-settings=\"{&quot;background_background&quot;:&quot;classic&quot;}\">\n\t\t\t\t<div class=\"elementor-element elementor-element-d8ec690 elementor-widget elementor-widget-heading\" data-id=\"d8ec690\" data-element_type=\"widget\" data-e-type=\"widget\" data-widget_type=\"heading.default\">\n\t\t\t\t\t<h2 class=\"elementor-heading-title elementor-size-default\">Factory<\/h2>\t\t\t\t<\/div>\n\t\t\t\t<\/div>\n\t\t<div class=\"elementor-element elementor-element-cc9ca9e e-flex e-con-boxed e-con e-parent\" data-id=\"cc9ca9e\" data-element_type=\"container\" data-e-type=\"container\">\n\t\t\t\t\t<div class=\"e-con-inner\">\n\t\t\t\t<div class=\"elementor-element elementor-element-b62fed3 elementor-widget elementor-widget-spacer\" data-id=\"b62fed3\" data-element_type=\"widget\" data-e-type=\"widget\" data-widget_type=\"spacer.default\">\n\t\t\t\t\t\t\t<div class=\"elementor-spacer\">\n\t\t\t<div class=\"elementor-spacer-inner\"><\/div>\n\t\t<\/div>\n\t\t\t\t\t\t<\/div>\n\t\t\t\t\t<\/div>\n\t\t\t\t<\/div>\n\t\t<div class=\"elementor-element elementor-element-4b12d2c e-con-full e-flex e-con e-parent\" data-id=\"4b12d2c\" data-element_type=\"container\" data-e-type=\"container\">\n\t\t\t\t<div class=\"elementor-element elementor-element-c2d429c elementor-widget elementor-widget-text-editor\" data-id=\"c2d429c\" data-element_type=\"widget\" data-e-type=\"widget\" data-widget_type=\"text-editor.default\">\n\t\t\t\t\t\t\t\t\t<p><span style=\"font-weight: 400;\">The JOLIFLAIR manufacturing facility is developed and operated with a professional orientation, meeting strict standards for safety, hygiene, and quality in the perfume manufacturing and private-label production industry.<\/span><\/p><p><span style=\"font-weight: 400;\">The production system is organized scientifically with clearly separated areas, including the fragrance research and development (R&amp;D) laboratory, blending area, filling and packaging line, and finished product storage. This closed-loop process enables strict control at every stage, ensuring consistent product quality before release to the market.<\/span><\/p><p><span style=\"font-weight: 400;\">JOLIFLAIR uses carefully selected fragrance ingredients, combined with modern machinery and a team of skilled technicians with extensive experience in the fragrance industry. Each formula undergoes testing, refinement, and rigorous control to achieve stability, long-lasting scent performance, and safe usage.<\/span><\/p><p><span style=\"font-weight: 400;\">Beyond its manufacturing capability, the JOLIFLAIR facility can flexibly accommodate a wide range of private-label production needs, including men\u2019s and women\u2019s perfumes, home fragrances, car perfumes, and fabric or shoe freshening sprays. This flexibility makes it suitable for both emerging brands and companies expanding their product lines.<\/span><\/p><p><span style=\"font-weight: 400;\">With a quality-first approach, the JOLIFLAIR factory is not only a place where products are manufactured but also a strategic partner that supports clients in creating distinctive and sustainable fragrance identities.<\/span><\/p>\t\t\t\t\t\t\t\t<\/div>\n\t\t\t\t<\/div>\n\t\t<div class=\"elementor-element elementor-element-5709a3a e-flex e-con-boxed e-con e-parent\" data-id=\"5709a3a\" data-element_type=\"container\" data-e-type=\"container\">\n\t\t\t\t\t<div class=\"e-con-inner\">\n\t\t\t\t<div class=\"elementor-element elementor-element-a3a0d97 elementor-widget elementor-widget-spacer\" data-id=\"a3a0d97\" data-element_type=\"widget\" data-e-type=\"widget\" data-widget_type=\"spacer.default\">\n\t\t\t\t\t\t\t<div class=\"elementor-spacer\">\n\t\t\t<div class=\"elementor-spacer-inner\"><\/div>\n\t\t<\/div>\n\t\t\t\t\t\t<\/div>\n\t\t\t\t\t<\/div>\n\t\t\t\t<\/div>\n\t\t\t\t<\/div>","protected":false},"excerpt":{"rendered":"<p>Nh\u00e0 M\u00e1y Nh\u00e0 m\u00e1y s\u1ea3n xu\u1ea5t c\u1ee7a JOLIFLAIR \u0111\u01b0\u1ee3c \u0111\u1ea7u t\u01b0 v\u00e0 v\u1eadn h\u00e0nh theo \u0111\u1ecbnh h\u01b0\u1edbng chuy\u00ean nghi\u1ec7p, \u0111\u00e1p \u1ee9ng \u0111\u1ea7y \u0111\u1ee7 c\u00e1c ti\u00eau chu\u1ea9n v\u1ec1 an to\u00e0n, v\u1ec7 sinh v\u00e0 ch\u1ea5t l\u01b0\u1ee3ng trong l\u0129nh v\u1ef1c gia c\u00f4ng \u2013 s\u1ea3n xu\u1ea5t n\u01b0\u1edbc hoa. H\u1ec7 th\u1ed1ng s\u1ea3n xu\u1ea5t \u0111\u01b0\u1ee3c b\u1ed1 tr\u00ed khoa h\u1ecdc v\u1edbi c\u00e1c&#8230;<\/p>","protected":false},"author":1,"featured_media":0,"parent":0,"menu_order":0,"comment_status":"closed","ping_status":"closed","template":"","meta":{"_kad_post_transparent":"","_kad_post_title":"hide","_kad_post_layout":"fullwidth","_kad_post_sidebar_id":"","_kad_post_content_style":"unboxed","_kad_post_vertical_padding":"hide","_kad_post_feature":"hide","_kad_post_feature_position":"","_kad_post_header":false,"_kad_post_footer":false,"_kad_post_classname":"","footnotes":""},"class_list":["post-278","page","type-page","status-publish","hentry"],"_links":{"self":[{"href":"https:\/\/new.joliflair.com\/en\/wp-json\/wp\/v2\/pages\/278","targetHints":{"allow":["GET"]}}],"collection":[{"href":"https:\/\/new.joliflair.com\/en\/wp-json\/wp\/v2\/pages"}],"about":[{"href":"https:\/\/new.joliflair.com\/en\/wp-json\/wp\/v2\/types\/page"}],"author":[{"embeddable":true,"href":"https:\/\/new.joliflair.com\/en\/wp-json\/wp\/v2\/users\/1"}],"replies":[{"embeddable":true,"href":"https:\/\/new.joliflair.com\/en\/wp-json\/wp\/v2\/comments?post=278"}],"version-history":[{"count":16,"href":"https:\/\/new.joliflair.com\/en\/wp-json\/wp\/v2\/pages\/278\/revisions"}],"predecessor-version":[{"id":981,"href":"https:\/\/new.joliflair.com\/en\/wp-json\/wp\/v2\/pages\/278\/revisions\/981"}],"wp:attachment":[{"href":"https:\/\/new.joliflair.com\/en\/wp-json\/wp\/v2\/media?parent=278"}],"curies":[{"name":"wp","href":"https:\/\/api.w.org\/{rel}","templated":true}]}}