{"id":289,"date":"2026-02-05T10:37:36","date_gmt":"2026-02-05T10:37:36","guid":{"rendered":"https:\/\/new.joliflair.com\/?page_id=289"},"modified":"2026-03-04T07:48:30","modified_gmt":"2026-03-04T07:48:30","slug":"cong-nghe-ki-thuat","status":"publish","type":"page","link":"https:\/\/new.joliflair.com\/en\/cong-nghe-ki-thuat\/","title":{"rendered":"C\u00f4ng ngh\u1ec7 \u2013 K\u0129 thu\u1eadt"},"content":{"rendered":"<div data-elementor-type=\"wp-page\" data-elementor-id=\"289\" class=\"elementor elementor-289\" data-elementor-post-type=\"page\">\n\t\t\t\t<div class=\"elementor-element elementor-element-eabc182 e-flex e-con-boxed e-con e-parent\" data-id=\"eabc182\" data-element_type=\"container\" data-e-type=\"container\" data-settings=\"{&quot;background_background&quot;:&quot;classic&quot;}\">\n\t\t\t\t\t<div class=\"e-con-inner\">\n\t\t\t\t<div class=\"elementor-element elementor-element-c326ad4 elementor-widget elementor-widget-heading\" data-id=\"c326ad4\" data-element_type=\"widget\" data-e-type=\"widget\" data-widget_type=\"heading.default\">\n\t\t\t\t\t<h2 class=\"elementor-heading-title elementor-size-default\">Technology<\/h2>\t\t\t\t<\/div>\n\t\t\t\t\t<\/div>\n\t\t\t\t<\/div>\n\t\t<div class=\"elementor-element elementor-element-7df7953 e-flex e-con-boxed e-con e-parent\" data-id=\"7df7953\" data-element_type=\"container\" data-e-type=\"container\">\n\t\t\t\t\t<div class=\"e-con-inner\">\n\t\t\t\t<div class=\"elementor-element elementor-element-1591f0e elementor-widget elementor-widget-spacer\" data-id=\"1591f0e\" data-element_type=\"widget\" data-e-type=\"widget\" data-widget_type=\"spacer.default\">\n\t\t\t\t\t\t\t<div class=\"elementor-spacer\">\n\t\t\t<div class=\"elementor-spacer-inner\"><\/div>\n\t\t<\/div>\n\t\t\t\t\t\t<\/div>\n\t\t\t\t\t<\/div>\n\t\t\t\t<\/div>\n\t\t<div class=\"elementor-element elementor-element-fc32aa7 e-con-full e-flex e-con e-parent\" data-id=\"fc32aa7\" data-element_type=\"container\" data-e-type=\"container\">\n\t\t\t\t<div class=\"elementor-element elementor-element-eef1b45 elementor-widget elementor-widget-text-editor\" data-id=\"eef1b45\" data-element_type=\"widget\" data-e-type=\"widget\" data-widget_type=\"text-editor.default\">\n\t\t\t\t\t\t\t\t\t<p class=\" translation-block\">JOLIFLAIR applies an integrated laboratory\u2013production model, where formula research, testing, and manufacturing are connected within a unified technical system. Fragrance formulas are developed and stored under proprietary coding, ensuring precise reproducibility and strict deviation control throughout the production process.<\/p><p><span style=\"font-weight: 400;\">The blending system is designed based on standardized quantitative principles, enabling precise control of ingredient ratios, concentration levels, and fragrance stability. Each formula undergoes multiple internal testing stages before entering mass production to ensure batch consistency and scalability.<\/span><\/p><p><span style=\"font-weight: 400;\">The quality control process is implemented across the entire workflow\u2014from raw material intake and blending to control sample storage and finished product inspection. Production data is recorded and traceable by batch, supporting quality evaluation, risk management, and the completion of technical and regulatory documentation.<\/span><\/p><p class=\" translation-block\">Through this operational framework, JOLIFLAIR maintains stable and flexible manufacturing capabilities, meeting the technical requirements of partner brands in commercial perfume production.<\/p>\t\t\t\t\t\t\t\t<\/div>\n\t\t\t\t<\/div>\n\t\t<div class=\"elementor-element elementor-element-2e1a4ca e-flex e-con-boxed e-con e-parent\" data-id=\"2e1a4ca\" data-element_type=\"container\" data-e-type=\"container\">\n\t\t\t\t\t<div class=\"e-con-inner\">\n\t\t\t\t<div class=\"elementor-element elementor-element-62d27cb elementor-widget elementor-widget-spacer\" data-id=\"62d27cb\" data-element_type=\"widget\" data-e-type=\"widget\" data-widget_type=\"spacer.default\">\n\t\t\t\t\t\t\t<div class=\"elementor-spacer\">\n\t\t\t<div class=\"elementor-spacer-inner\"><\/div>\n\t\t<\/div>\n\t\t\t\t\t\t<\/div>\n\t\t\t\t\t<\/div>\n\t\t\t\t<\/div>\n\t\t\t\t<\/div>","protected":false},"excerpt":{"rendered":"<p>C\u00f4ng Ngh\u1ec7 JOLIFLAIR \u1ee9ng d\u1ee5ng m\u00f4 h\u00ecnh ph\u00f2ng th\u00ed nghi\u1ec7m k\u1ebft h\u1ee3p s\u1ea3n xu\u1ea5t kh\u00e9p k\u00edn, trong \u0111\u00f3 c\u00e1c ho\u1ea1t \u0111\u1ed9ng nghi\u00ean c\u1ee9u c\u00f4ng th\u1ee9c, th\u1eed nghi\u1ec7m v\u00e0 s\u1ea3n xu\u1ea5t \u0111\u01b0\u1ee3c k\u1ebft n\u1ed1i tr\u00ean c\u00f9ng m\u1ed9t h\u1ec7 th\u1ed1ng k\u1ef9 thu\u1eadt. C\u00f4ng th\u1ee9c m\u00f9i h\u01b0\u01a1ng \u0111\u01b0\u1ee3c x\u00e2y d\u1ef1ng v\u00e0 l\u01b0u tr\u1eef theo m\u00e3 h\u00f3a ri\u00eang, \u0111\u1ea3m&#8230;<\/p>","protected":false},"author":1,"featured_media":0,"parent":0,"menu_order":0,"comment_status":"closed","ping_status":"closed","template":"","meta":{"_kad_post_transparent":"","_kad_post_title":"hide","_kad_post_layout":"fullwidth","_kad_post_sidebar_id":"","_kad_post_content_style":"unboxed","_kad_post_vertical_padding":"hide","_kad_post_feature":"hide","_kad_post_feature_position":"","_kad_post_header":false,"_kad_post_footer":false,"_kad_post_classname":"","footnotes":""},"class_list":["post-289","page","type-page","status-publish","hentry"],"_links":{"self":[{"href":"https:\/\/new.joliflair.com\/en\/wp-json\/wp\/v2\/pages\/289","targetHints":{"allow":["GET"]}}],"collection":[{"href":"https:\/\/new.joliflair.com\/en\/wp-json\/wp\/v2\/pages"}],"about":[{"href":"https:\/\/new.joliflair.com\/en\/wp-json\/wp\/v2\/types\/page"}],"author":[{"embeddable":true,"href":"https:\/\/new.joliflair.com\/en\/wp-json\/wp\/v2\/users\/1"}],"replies":[{"embeddable":true,"href":"https:\/\/new.joliflair.com\/en\/wp-json\/wp\/v2\/comments?post=289"}],"version-history":[{"count":13,"href":"https:\/\/new.joliflair.com\/en\/wp-json\/wp\/v2\/pages\/289\/revisions"}],"predecessor-version":[{"id":984,"href":"https:\/\/new.joliflair.com\/en\/wp-json\/wp\/v2\/pages\/289\/revisions\/984"}],"wp:attachment":[{"href":"https:\/\/new.joliflair.com\/en\/wp-json\/wp\/v2\/media?parent=289"}],"curies":[{"name":"wp","href":"https:\/\/api.w.org\/{rel}","templated":true}]}}