{"id":323,"date":"2026-02-05T11:05:22","date_gmt":"2026-02-05T11:05:22","guid":{"rendered":"https:\/\/new.joliflair.com\/?page_id=323"},"modified":"2026-03-05T00:07:35","modified_gmt":"2026-03-05T00:07:35","slug":"quyen-loi-khi-hop-tac","status":"publish","type":"page","link":"https:\/\/new.joliflair.com\/en\/quyen-loi-khi-hop-tac\/","title":{"rendered":"Quy\u1ec1n L\u1ee3i Khi H\u1ee3p T\u00e1c"},"content":{"rendered":"<div data-elementor-type=\"wp-page\" data-elementor-id=\"323\" class=\"elementor elementor-323\" data-elementor-post-type=\"page\">\n\t\t\t\t<div class=\"elementor-element elementor-element-afa0320 e-flex e-con-boxed e-con e-parent\" data-id=\"afa0320\" data-element_type=\"container\" data-e-type=\"container\" data-settings=\"{&quot;background_background&quot;:&quot;classic&quot;}\">\n\t\t\t\t\t<div class=\"e-con-inner\">\n\t\t\t\t<div class=\"elementor-element elementor-element-51e96cc elementor-widget elementor-widget-heading\" data-id=\"51e96cc\" data-element_type=\"widget\" data-e-type=\"widget\" data-widget_type=\"heading.default\">\n\t\t\t\t\t<h2 class=\"elementor-heading-title elementor-size-default\">D\u1ecbch v\u1ee5 kh\u00e1ch h\u00e0ng t\u1ea1i JOLIFLAIR\n<\/h2>\t\t\t\t<\/div>\n\t\t\t\t\t<\/div>\n\t\t\t\t<\/div>\n\t\t<div class=\"elementor-element elementor-element-4895500 e-flex e-con-boxed e-con e-parent\" data-id=\"4895500\" data-element_type=\"container\" data-e-type=\"container\">\n\t\t\t\t\t<div class=\"e-con-inner\">\n\t\t\t\t<div class=\"elementor-element elementor-element-c737b78 elementor-widget elementor-widget-spacer\" data-id=\"c737b78\" data-element_type=\"widget\" data-e-type=\"widget\" data-widget_type=\"spacer.default\">\n\t\t\t\t\t\t\t<div class=\"elementor-spacer\">\n\t\t\t<div class=\"elementor-spacer-inner\"><\/div>\n\t\t<\/div>\n\t\t\t\t\t\t<\/div>\n\t\t\t\t\t<\/div>\n\t\t\t\t<\/div>\n\t\t<div class=\"elementor-element elementor-element-316c41f e-con-full e-flex e-con e-parent\" data-id=\"316c41f\" data-element_type=\"container\" data-e-type=\"container\">\n\t\t\t\t<div class=\"elementor-element elementor-element-3b818d2 elementor-widget elementor-widget-text-editor\" data-id=\"3b818d2\" data-element_type=\"widget\" data-e-type=\"widget\" data-widget_type=\"text-editor.default\">\n\t\t\t\t\t\t\t\t\t<p>T\u1ea1i JOLIFLAIR, ch\u00fang t\u00f4i hi\u1ec3u r\u1eb1ng ch\u1ea5t l\u01b0\u1ee3ng s\u1ea3n ph\u1ea9m ch\u1ec9 th\u1ef1c s\u1ef1 ho\u00e0n thi\u1ec7n khi \u0111i k\u00e8m v\u1edbi tr\u1ea3i nghi\u1ec7m kh\u00e1ch h\u00e0ng xu\u1ea5t s\u1eafc. V\u00ec v\u1eady, d\u1ecbch v\u1ee5 kh\u00e1ch h\u00e0ng kh\u00f4ng ch\u1ec9 l\u00e0 nhi\u1ec7m v\u1ee5 m\u00e0 c\u00f2n l\u00e0 cam k\u1ebft h\u00e0ng \u0111\u1ea7u c\u1ee7a ch\u00fang t\u00f4i \u2013 mang \u0111\u1ebfn s\u1ef1 h\u00e0i l\u00f2ng, tin t\u01b0\u1edfng v\u00e0 tr\u1ea3i nghi\u1ec7m tinh t\u1ebf nh\u1ea5t cho m\u1ecdi kh\u00e1ch h\u00e0ng.<\/p><h2>1. H\u1ed7 tr\u1ee3 t\u01b0 v\u1ea5n chuy\u00ean nghi\u1ec7p:<\/h2><p>\u0110\u1ed9i ng\u0169 nh\u00e2n vi\u00ean gi\u00e0u kinh nghi\u1ec7m c\u1ee7a JOLIFLAIR lu\u00f4n s\u1eb5n s\u00e0ng t\u01b0 v\u1ea5n t\u1eeb kh\u00e2u l\u1ef1a ch\u1ecdn s\u1ea3n ph\u1ea9m, m\u00f9i h\u01b0\u01a1ng ph\u00f9 h\u1ee3p, \u0111\u1ebfn c\u00e1c gi\u1ea3i ph\u00e1p t\u00f9y ch\u1ec9nh ri\u00eang bi\u1ec7t theo nhu c\u1ea7u c\u1ee7a t\u1eebng kh\u00e1ch h\u00e0ng. Ch\u00fang t\u00f4i \u0111\u1ea3m b\u1ea3o m\u1ed7i kh\u00e1ch h\u00e0ng \u0111\u1ec1u \u0111\u01b0\u1ee3c h\u01b0\u1edbng d\u1eabn t\u1eadn t\u00ecnh v\u00e0 nh\u1eadn th\u00f4ng tin \u0111\u1ea7y \u0111\u1ee7 \u0111\u1ec3 \u0111\u01b0a ra quy\u1ebft \u0111\u1ecbnh t\u1ed1t nh\u1ea5t.<\/p><h2>2. Ch\u00ednh s\u00e1ch ch\u0103m s\u00f3c t\u1eadn t\u00e2m:<\/h2><p>Ch\u00fang t\u00f4i \u0111\u1eb7t kh\u00e1ch h\u00e0ng l\u00e0m trung t\u00e2m trong m\u1ecdi ho\u1ea1t \u0111\u1ed9ng. M\u1ecdi th\u1eafc m\u1eafc, y\u00eau c\u1ea7u hay ph\u1ea3n h\u1ed3i \u0111\u1ec1u \u0111\u01b0\u1ee3c ti\u1ebfp nh\u1eadn nhanh ch\u00f3ng v\u00e0 x\u1eed l\u00fd m\u1ed9t c\u00e1ch minh b\u1ea1ch, chuy\u00ean nghi\u1ec7p. JOLIFLAIR cam k\u1ebft th\u1eddi gian ph\u1ea3n h\u1ed3i ng\u1eafn nh\u1ea5t, nh\u1eb1m \u0111\u1ea3m b\u1ea3o kh\u00e1ch h\u00e0ng lu\u00f4n c\u1ea3m th\u1ea5y \u0111\u01b0\u1ee3c l\u1eafng nghe v\u00e0 t\u00f4n tr\u1ecdng.<\/p><h2>3. D\u1ecbch v\u1ee5 sau b\u00e1n h\u00e0ng chu \u0111\u00e1o:<\/h2><p>Kh\u00f4ng ch\u1ec9 d\u1eebng l\u1ea1i \u1edf vi\u1ec7c b\u00e1n s\u1ea3n ph\u1ea9m, JOLIFLAIR c\u00f2n \u0111\u1ed3ng h\u00e0nh c\u00f9ng kh\u00e1ch h\u00e0ng sau m\u1ed7i giao d\u1ecbch. Ch\u00fang t\u00f4i cung c\u1ea5p h\u01b0\u1edbng d\u1eabn s\u1eed d\u1ee5ng, b\u1ea3o qu\u1ea3n s\u1ea3n ph\u1ea9m, h\u1ed7 tr\u1ee3 \u0111\u1ed5i tr\u1ea3 khi c\u1ea7n thi\u1ebft v\u00e0 theo d\u00f5i tr\u1ea3i nghi\u1ec7m \u0111\u1ec3 li\u00ean t\u1ee5c c\u1ea3i thi\u1ec7n ch\u1ea5t l\u01b0\u1ee3ng d\u1ecbch v\u1ee5.<\/p><h2>4. Tr\u1ea3i nghi\u1ec7m kh\u00e1ch h\u00e0ng c\u00e1 nh\u00e2n h\u00f3a:<\/h2><p>M\u1ed7i kh\u00e1ch h\u00e0ng t\u1ea1i JOLIFLAIR \u0111\u1ec1u l\u00e0 m\u1ed9t c\u00e1 nh\u00e2n \u0111\u1eb7c bi\u1ec7t. Ch\u00fang t\u00f4i mang \u0111\u1ebfn tr\u1ea3i nghi\u1ec7m c\u00e1 nh\u00e2n h\u00f3a t\u1eeb d\u1ecbch v\u1ee5 t\u01b0 v\u1ea5n h\u01b0\u01a1ng th\u01a1m, thi\u1ebft k\u1ebf m\u00f9i h\u01b0\u01a1ng ri\u00eang, \u0111\u1ebfn c\u00e1c ch\u01b0\u01a1ng tr\u00ecnh \u01b0u \u0111\u00e3i v\u00e0 qu\u00e0 t\u1eb7ng tri \u00e2n \u0111\u1ed9c quy\u1ec1n, gi\u00fap kh\u00e1ch h\u00e0ng c\u1ea3m nh\u1eadn \u0111\u01b0\u1ee3c s\u1ef1 quan t\u00e2m t\u1ec9 m\u1ec9 v\u00e0 tinh t\u1ebf.<\/p><h2>5. Cam k\u1ebft ch\u1ea5t l\u01b0\u1ee3ng v\u00e0 uy t\u00edn:<\/h2><p>M\u1ecdi s\u1ea3n ph\u1ea9m c\u1ee7a JOLIFLAIR \u0111\u1ec1u \u0111\u01b0\u1ee3c ki\u1ec3m \u0111\u1ecbnh nghi\u00eam ng\u1eb7t v\u1ec1 ch\u1ea5t l\u01b0\u1ee3ng tr\u01b0\u1edbc khi \u0111\u1ebfn tay kh\u00e1ch h\u00e0ng. K\u1ebft h\u1ee3p v\u1edbi d\u1ecbch v\u1ee5 ch\u0103m s\u00f3c t\u1eadn t\u00ecnh, ch\u00fang t\u00f4i lu\u00f4n \u0111\u1ea3m b\u1ea3o tr\u1ea3i nghi\u1ec7m mua s\u1eafm an t\u00e2m, tho\u1ea3i m\u00e1i v\u00e0 \u0111\u00e1ng nh\u1edb.<\/p><p>T\u1ea1i JOLIFLAIR, m\u1ed7i tr\u1ea3i nghi\u1ec7m c\u1ee7a kh\u00e1ch h\u00e0ng kh\u00f4ng ch\u1ec9 l\u00e0 giao d\u1ecbch \u2013 m\u00e0 l\u00e0 m\u1ed9t h\u00e0nh tr\u00ecnh c\u1ea3m x\u00fac, n\u01a1i ni\u1ec1m tin, s\u1ef1 tinh t\u1ebf v\u00e0 phong c\u00e1ch \u0111\u01b0\u1ee3c t\u00f4n vinh.<\/p>\t\t\t\t\t\t\t\t<\/div>\n\t\t\t\t<\/div>\n\t\t<div class=\"elementor-element elementor-element-93d9f17 e-flex e-con-boxed e-con e-parent\" data-id=\"93d9f17\" data-element_type=\"container\" data-e-type=\"container\">\n\t\t\t\t\t<div class=\"e-con-inner\">\n\t\t\t\t<div class=\"elementor-element elementor-element-343f174 elementor-widget elementor-widget-spacer\" data-id=\"343f174\" data-element_type=\"widget\" data-e-type=\"widget\" data-widget_type=\"spacer.default\">\n\t\t\t\t\t\t\t<div class=\"elementor-spacer\">\n\t\t\t<div class=\"elementor-spacer-inner\"><\/div>\n\t\t<\/div>\n\t\t\t\t\t\t<\/div>\n\t\t\t\t\t<\/div>\n\t\t\t\t<\/div>\n\t\t\t\t<\/div>","protected":false},"excerpt":{"rendered":"<p>D\u1ecbch v\u1ee5 kh\u00e1ch h\u00e0ng t\u1ea1i JOLIFLAIR T\u1ea1i JOLIFLAIR, ch\u00fang t\u00f4i hi\u1ec3u r\u1eb1ng ch\u1ea5t l\u01b0\u1ee3ng s\u1ea3n ph\u1ea9m ch\u1ec9 th\u1ef1c s\u1ef1 ho\u00e0n thi\u1ec7n khi \u0111i k\u00e8m v\u1edbi tr\u1ea3i nghi\u1ec7m kh\u00e1ch h\u00e0ng xu\u1ea5t s\u1eafc. V\u00ec v\u1eady, d\u1ecbch v\u1ee5 kh\u00e1ch h\u00e0ng kh\u00f4ng ch\u1ec9 l\u00e0 nhi\u1ec7m v\u1ee5 m\u00e0 c\u00f2n l\u00e0 cam k\u1ebft h\u00e0ng \u0111\u1ea7u c\u1ee7a ch\u00fang t\u00f4i \u2013 mang \u0111\u1ebfn&#8230;<\/p>","protected":false},"author":1,"featured_media":0,"parent":0,"menu_order":0,"comment_status":"closed","ping_status":"closed","template":"","meta":{"_kad_post_transparent":"","_kad_post_title":"hide","_kad_post_layout":"fullwidth","_kad_post_sidebar_id":"","_kad_post_content_style":"unboxed","_kad_post_vertical_padding":"hide","_kad_post_feature":"hide","_kad_post_feature_position":"","_kad_post_header":false,"_kad_post_footer":false,"_kad_post_classname":"","footnotes":""},"class_list":["post-323","page","type-page","status-publish","hentry"],"_links":{"self":[{"href":"https:\/\/new.joliflair.com\/en\/wp-json\/wp\/v2\/pages\/323","targetHints":{"allow":["GET"]}}],"collection":[{"href":"https:\/\/new.joliflair.com\/en\/wp-json\/wp\/v2\/pages"}],"about":[{"href":"https:\/\/new.joliflair.com\/en\/wp-json\/wp\/v2\/types\/page"}],"author":[{"embeddable":true,"href":"https:\/\/new.joliflair.com\/en\/wp-json\/wp\/v2\/users\/1"}],"replies":[{"embeddable":true,"href":"https:\/\/new.joliflair.com\/en\/wp-json\/wp\/v2\/comments?post=323"}],"version-history":[{"count":25,"href":"https:\/\/new.joliflair.com\/en\/wp-json\/wp\/v2\/pages\/323\/revisions"}],"predecessor-version":[{"id":1357,"href":"https:\/\/new.joliflair.com\/en\/wp-json\/wp\/v2\/pages\/323\/revisions\/1357"}],"wp:attachment":[{"href":"https:\/\/new.joliflair.com\/en\/wp-json\/wp\/v2\/media?parent=323"}],"curies":[{"name":"wp","href":"https:\/\/api.w.org\/{rel}","templated":true}]}}