{"id":67,"date":"2026-02-04T12:25:44","date_gmt":"2026-02-04T12:25:44","guid":{"rendered":"https:\/\/new.joliflair.com\/?page_id=67"},"modified":"2026-03-16T06:19:25","modified_gmt":"2026-03-16T06:19:25","slug":"doi-tac","status":"publish","type":"page","link":"https:\/\/new.joliflair.com\/en\/doi-tac\/","title":{"rendered":"Partners"},"content":{"rendered":"<div data-elementor-type=\"wp-page\" data-elementor-id=\"67\" class=\"elementor elementor-67\" data-elementor-post-type=\"page\">\n\t\t\t\t<div class=\"elementor-element elementor-element-baa97e8 e-flex e-con-boxed e-con e-parent\" data-id=\"baa97e8\" data-element_type=\"container\" data-e-type=\"container\" data-settings=\"{&quot;background_background&quot;:&quot;classic&quot;}\">\n\t\t\t\t\t<div class=\"e-con-inner\">\n\t\t\t\t<div class=\"elementor-element elementor-element-63cd2cf elementor-widget elementor-widget-heading\" data-id=\"63cd2cf\" data-element_type=\"widget\" data-e-type=\"widget\" data-widget_type=\"heading.default\">\n\t\t\t\t\t<h2 class=\"elementor-heading-title elementor-size-default\">Partners<\/h2>\t\t\t\t<\/div>\n\t\t\t\t\t<\/div>\n\t\t\t\t<\/div>\n\t\t<div class=\"elementor-element elementor-element-8e99a8a e-flex e-con-boxed e-con e-parent\" data-id=\"8e99a8a\" data-element_type=\"container\" data-e-type=\"container\">\n\t\t\t\t\t<div class=\"e-con-inner\">\n\t\t\t\t<div class=\"elementor-element elementor-element-1fae513 elementor-widget elementor-widget-spacer\" data-id=\"1fae513\" data-element_type=\"widget\" data-e-type=\"widget\" data-widget_type=\"spacer.default\">\n\t\t\t\t\t\t\t<div class=\"elementor-spacer\">\n\t\t\t<div class=\"elementor-spacer-inner\"><\/div>\n\t\t<\/div>\n\t\t\t\t\t\t<\/div>\n\t\t\t\t\t<\/div>\n\t\t\t\t<\/div>\n\t\t<div class=\"elementor-element elementor-element-8f9dc6a e-con-full e-flex e-con e-parent\" data-id=\"8f9dc6a\" data-element_type=\"container\" data-e-type=\"container\">\n\t\t<div class=\"elementor-element elementor-element-cc0feb5 e-con-full e-flex e-con e-child\" data-id=\"cc0feb5\" data-element_type=\"container\" data-e-type=\"container\">\n\t\t\t\t<div class=\"elementor-element elementor-element-260fa60 elementor-widget elementor-widget-image\" data-id=\"260fa60\" data-element_type=\"widget\" data-e-type=\"widget\" data-widget_type=\"image.default\">\n\t\t\t\t\t\t\t\t\t\t\t\t\t\t\t<img fetchpriority=\"high\" decoding=\"async\" width=\"1500\" height=\"1500\" src=\"https:\/\/new.joliflair.com\/wp-content\/uploads\/2026\/03\/Thiet-ke-chua-co-ten-7-1.png\" class=\"attachment-full size-full wp-image-1802\" alt=\"\" srcset=\"https:\/\/new.joliflair.com\/wp-content\/uploads\/2026\/03\/Thiet-ke-chua-co-ten-7-1.png 1500w, https:\/\/new.joliflair.com\/wp-content\/uploads\/2026\/03\/Thiet-ke-chua-co-ten-7-1-300x300.png 300w, https:\/\/new.joliflair.com\/wp-content\/uploads\/2026\/03\/Thiet-ke-chua-co-ten-7-1-1024x1024.png 1024w, https:\/\/new.joliflair.com\/wp-content\/uploads\/2026\/03\/Thiet-ke-chua-co-ten-7-1-150x150.png 150w, https:\/\/new.joliflair.com\/wp-content\/uploads\/2026\/03\/Thiet-ke-chua-co-ten-7-1-768x768.png 768w, https:\/\/new.joliflair.com\/wp-content\/uploads\/2026\/03\/Thiet-ke-chua-co-ten-7-1-12x12.png 12w, https:\/\/new.joliflair.com\/wp-content\/uploads\/2026\/03\/Thiet-ke-chua-co-ten-7-1-600x600.png 600w, https:\/\/new.joliflair.com\/wp-content\/uploads\/2026\/03\/Thiet-ke-chua-co-ten-7-1-100x100.png 100w\" sizes=\"(max-width: 1500px) 100vw, 1500px\" \/>\t\t\t\t\t\t\t\t\t\t\t\t\t\t\t<\/div>\n\t\t\t\t<\/div>\n\t\t<div class=\"elementor-element elementor-element-d07fb12 e-con-full e-flex e-con e-child\" data-id=\"d07fb12\" data-element_type=\"container\" data-e-type=\"container\">\n\t\t\t\t<div class=\"elementor-element elementor-element-a86d06b elementor-widget elementor-widget-image\" data-id=\"a86d06b\" data-element_type=\"widget\" data-e-type=\"widget\" data-widget_type=\"image.default\">\n\t\t\t\t\t\t\t\t\t\t\t\t\t\t\t<img decoding=\"async\" width=\"1500\" height=\"1500\" src=\"https:\/\/new.joliflair.com\/wp-content\/uploads\/2026\/03\/Thiet-ke-chua-co-ten-5-1.png\" class=\"attachment-full size-full wp-image-1804\" alt=\"\" srcset=\"https:\/\/new.joliflair.com\/wp-content\/uploads\/2026\/03\/Thiet-ke-chua-co-ten-5-1.png 1500w, https:\/\/new.joliflair.com\/wp-content\/uploads\/2026\/03\/Thiet-ke-chua-co-ten-5-1-300x300.png 300w, https:\/\/new.joliflair.com\/wp-content\/uploads\/2026\/03\/Thiet-ke-chua-co-ten-5-1-1024x1024.png 1024w, https:\/\/new.joliflair.com\/wp-content\/uploads\/2026\/03\/Thiet-ke-chua-co-ten-5-1-150x150.png 150w, https:\/\/new.joliflair.com\/wp-content\/uploads\/2026\/03\/Thiet-ke-chua-co-ten-5-1-768x768.png 768w, https:\/\/new.joliflair.com\/wp-content\/uploads\/2026\/03\/Thiet-ke-chua-co-ten-5-1-12x12.png 12w, https:\/\/new.joliflair.com\/wp-content\/uploads\/2026\/03\/Thiet-ke-chua-co-ten-5-1-600x600.png 600w, https:\/\/new.joliflair.com\/wp-content\/uploads\/2026\/03\/Thiet-ke-chua-co-ten-5-1-100x100.png 100w\" sizes=\"(max-width: 1500px) 100vw, 1500px\" \/>\t\t\t\t\t\t\t\t\t\t\t\t\t\t\t<\/div>\n\t\t\t\t<\/div>\n\t\t<div class=\"elementor-element elementor-element-dc7a917 e-con-full e-flex e-con e-child\" data-id=\"dc7a917\" data-element_type=\"container\" data-e-type=\"container\">\n\t\t\t\t<div class=\"elementor-element elementor-element-7c8d0ed elementor-widget elementor-widget-image\" data-id=\"7c8d0ed\" data-element_type=\"widget\" data-e-type=\"widget\" data-widget_type=\"image.default\">\n\t\t\t\t\t\t\t\t\t\t\t\t\t\t\t<img decoding=\"async\" width=\"1500\" height=\"1500\" src=\"https:\/\/new.joliflair.com\/wp-content\/uploads\/2026\/03\/Thiet-ke-chua-co-ten-6-1.png\" class=\"attachment-full size-full wp-image-1803\" alt=\"\" srcset=\"https:\/\/new.joliflair.com\/wp-content\/uploads\/2026\/03\/Thiet-ke-chua-co-ten-6-1.png 1500w, https:\/\/new.joliflair.com\/wp-content\/uploads\/2026\/03\/Thiet-ke-chua-co-ten-6-1-300x300.png 300w, https:\/\/new.joliflair.com\/wp-content\/uploads\/2026\/03\/Thiet-ke-chua-co-ten-6-1-1024x1024.png 1024w, https:\/\/new.joliflair.com\/wp-content\/uploads\/2026\/03\/Thiet-ke-chua-co-ten-6-1-150x150.png 150w, https:\/\/new.joliflair.com\/wp-content\/uploads\/2026\/03\/Thiet-ke-chua-co-ten-6-1-768x768.png 768w, https:\/\/new.joliflair.com\/wp-content\/uploads\/2026\/03\/Thiet-ke-chua-co-ten-6-1-12x12.png 12w, https:\/\/new.joliflair.com\/wp-content\/uploads\/2026\/03\/Thiet-ke-chua-co-ten-6-1-600x600.png 600w, https:\/\/new.joliflair.com\/wp-content\/uploads\/2026\/03\/Thiet-ke-chua-co-ten-6-1-100x100.png 100w\" sizes=\"(max-width: 1500px) 100vw, 1500px\" \/>\t\t\t\t\t\t\t\t\t\t\t\t\t\t\t<\/div>\n\t\t\t\t<\/div>\n\t\t\t\t<\/div>\n\t\t<div class=\"elementor-element elementor-element-454c543 e-con-full e-flex e-con e-parent\" data-id=\"454c543\" data-element_type=\"container\" data-e-type=\"container\">\n\t\t<div class=\"elementor-element elementor-element-95b10a5 e-con-full e-flex e-con e-child\" data-id=\"95b10a5\" data-element_type=\"container\" data-e-type=\"container\">\n\t\t\t\t<div class=\"elementor-element elementor-element-f511e64 elementor-widget elementor-widget-image\" data-id=\"f511e64\" data-element_type=\"widget\" data-e-type=\"widget\" data-widget_type=\"image.default\">\n\t\t\t\t\t\t\t\t\t\t\t\t\t\t\t<img loading=\"lazy\" decoding=\"async\" width=\"2560\" height=\"2560\" src=\"https:\/\/new.joliflair.com\/wp-content\/uploads\/2026\/03\/Thiet-ke-chua-co-ten-3-1-scaled.png\" class=\"attachment-full size-full wp-image-1806\" alt=\"\" srcset=\"https:\/\/new.joliflair.com\/wp-content\/uploads\/2026\/03\/Thiet-ke-chua-co-ten-3-1-scaled.png 2560w, https:\/\/new.joliflair.com\/wp-content\/uploads\/2026\/03\/Thiet-ke-chua-co-ten-3-1-300x300.png 300w, https:\/\/new.joliflair.com\/wp-content\/uploads\/2026\/03\/Thiet-ke-chua-co-ten-3-1-1024x1024.png 1024w, https:\/\/new.joliflair.com\/wp-content\/uploads\/2026\/03\/Thiet-ke-chua-co-ten-3-1-150x150.png 150w, https:\/\/new.joliflair.com\/wp-content\/uploads\/2026\/03\/Thiet-ke-chua-co-ten-3-1-768x768.png 768w, https:\/\/new.joliflair.com\/wp-content\/uploads\/2026\/03\/Thiet-ke-chua-co-ten-3-1-1536x1536.png 1536w, https:\/\/new.joliflair.com\/wp-content\/uploads\/2026\/03\/Thiet-ke-chua-co-ten-3-1-2048x2048.png 2048w, https:\/\/new.joliflair.com\/wp-content\/uploads\/2026\/03\/Thiet-ke-chua-co-ten-3-1-12x12.png 12w, https:\/\/new.joliflair.com\/wp-content\/uploads\/2026\/03\/Thiet-ke-chua-co-ten-3-1-600x600.png 600w, https:\/\/new.joliflair.com\/wp-content\/uploads\/2026\/03\/Thiet-ke-chua-co-ten-3-1-100x100.png 100w\" sizes=\"(max-width: 2560px) 100vw, 2560px\" \/>\t\t\t\t\t\t\t\t\t\t\t\t\t\t\t<\/div>\n\t\t\t\t<\/div>\n\t\t<div class=\"elementor-element elementor-element-8d3c2bd e-con-full e-flex e-con e-child\" data-id=\"8d3c2bd\" data-element_type=\"container\" data-e-type=\"container\">\n\t\t\t\t<div class=\"elementor-element elementor-element-5352ba5 elementor-widget elementor-widget-image\" data-id=\"5352ba5\" data-element_type=\"widget\" data-e-type=\"widget\" data-widget_type=\"image.default\">\n\t\t\t\t\t\t\t\t\t\t\t\t\t\t\t<img loading=\"lazy\" decoding=\"async\" width=\"1500\" height=\"1500\" src=\"https:\/\/new.joliflair.com\/wp-content\/uploads\/2026\/03\/Thiet-ke-chua-co-ten-2-1.png\" class=\"attachment-full size-full wp-image-1807\" alt=\"\" srcset=\"https:\/\/new.joliflair.com\/wp-content\/uploads\/2026\/03\/Thiet-ke-chua-co-ten-2-1.png 1500w, https:\/\/new.joliflair.com\/wp-content\/uploads\/2026\/03\/Thiet-ke-chua-co-ten-2-1-300x300.png 300w, https:\/\/new.joliflair.com\/wp-content\/uploads\/2026\/03\/Thiet-ke-chua-co-ten-2-1-1024x1024.png 1024w, https:\/\/new.joliflair.com\/wp-content\/uploads\/2026\/03\/Thiet-ke-chua-co-ten-2-1-150x150.png 150w, https:\/\/new.joliflair.com\/wp-content\/uploads\/2026\/03\/Thiet-ke-chua-co-ten-2-1-768x768.png 768w, https:\/\/new.joliflair.com\/wp-content\/uploads\/2026\/03\/Thiet-ke-chua-co-ten-2-1-12x12.png 12w, https:\/\/new.joliflair.com\/wp-content\/uploads\/2026\/03\/Thiet-ke-chua-co-ten-2-1-600x600.png 600w, https:\/\/new.joliflair.com\/wp-content\/uploads\/2026\/03\/Thiet-ke-chua-co-ten-2-1-100x100.png 100w\" sizes=\"(max-width: 1500px) 100vw, 1500px\" \/>\t\t\t\t\t\t\t\t\t\t\t\t\t\t\t<\/div>\n\t\t\t\t<\/div>\n\t\t<div class=\"elementor-element elementor-element-72716fe e-con-full e-flex e-con e-child\" data-id=\"72716fe\" data-element_type=\"container\" data-e-type=\"container\">\n\t\t\t\t<div class=\"elementor-element elementor-element-67043ca elementor-widget elementor-widget-image\" data-id=\"67043ca\" data-element_type=\"widget\" data-e-type=\"widget\" data-widget_type=\"image.default\">\n\t\t\t\t\t\t\t\t\t\t\t\t\t\t\t<img loading=\"lazy\" decoding=\"async\" width=\"1024\" height=\"1024\" src=\"https:\/\/new.joliflair.com\/wp-content\/uploads\/2026\/03\/Thiet-ke-chua-co-ten-4-1-1024x1024.png\" class=\"attachment-large size-large wp-image-1805\" alt=\"\" srcset=\"https:\/\/new.joliflair.com\/wp-content\/uploads\/2026\/03\/Thiet-ke-chua-co-ten-4-1-1024x1024.png 1024w, https:\/\/new.joliflair.com\/wp-content\/uploads\/2026\/03\/Thiet-ke-chua-co-ten-4-1-300x300.png 300w, https:\/\/new.joliflair.com\/wp-content\/uploads\/2026\/03\/Thiet-ke-chua-co-ten-4-1-150x150.png 150w, https:\/\/new.joliflair.com\/wp-content\/uploads\/2026\/03\/Thiet-ke-chua-co-ten-4-1-768x768.png 768w, https:\/\/new.joliflair.com\/wp-content\/uploads\/2026\/03\/Thiet-ke-chua-co-ten-4-1-12x12.png 12w, https:\/\/new.joliflair.com\/wp-content\/uploads\/2026\/03\/Thiet-ke-chua-co-ten-4-1-600x600.png 600w, https:\/\/new.joliflair.com\/wp-content\/uploads\/2026\/03\/Thiet-ke-chua-co-ten-4-1-100x100.png 100w, https:\/\/new.joliflair.com\/wp-content\/uploads\/2026\/03\/Thiet-ke-chua-co-ten-4-1.png 1500w\" sizes=\"(max-width: 1024px) 100vw, 1024px\" \/>\t\t\t\t\t\t\t\t\t\t\t\t\t\t\t<\/div>\n\t\t\t\t<\/div>\n\t\t\t\t<\/div>\n\t\t<div class=\"elementor-element elementor-element-2935654 e-flex e-con-boxed e-con e-parent\" data-id=\"2935654\" data-element_type=\"container\" data-e-type=\"container\">\n\t\t\t\t\t<div class=\"e-con-inner\">\n\t\t\t\t<div class=\"elementor-element elementor-element-2919922 elementor-widget elementor-widget-spacer\" data-id=\"2919922\" data-element_type=\"widget\" data-e-type=\"widget\" data-widget_type=\"spacer.default\">\n\t\t\t\t\t\t\t<div class=\"elementor-spacer\">\n\t\t\t<div class=\"elementor-spacer-inner\"><\/div>\n\t\t<\/div>\n\t\t\t\t\t\t<\/div>\n\t\t\t\t\t<\/div>\n\t\t\t\t<\/div>\n\t\t<div class=\"elementor-element elementor-element-8ac3b49 e-con-full e-flex e-con e-parent\" data-id=\"8ac3b49\" data-element_type=\"container\" data-e-type=\"container\" data-settings=\"{&quot;background_background&quot;:&quot;classic&quot;}\">\n\t\t\t\t<div class=\"elementor-element elementor-element-84b2589 elementor-widget elementor-widget-heading\" data-id=\"84b2589\" data-element_type=\"widget\" data-e-type=\"widget\" data-widget_type=\"heading.default\">\n\t\t\t\t\t<h2 class=\"elementor-heading-title elementor-size-default translation-block\">Quy\u1ec1n L\u1ee3i Khi H\u1ee3p T\u00e1c<br>\r\nc\u00d9NG joliflair<\/h2>\t\t\t\t<\/div>\n\t\t\t\t<div class=\"elementor-element elementor-element-c26c9c7 elementor-widget elementor-widget-spacer\" data-id=\"c26c9c7\" data-element_type=\"widget\" data-e-type=\"widget\" data-widget_type=\"spacer.default\">\n\t\t\t\t\t\t\t<div class=\"elementor-spacer\">\n\t\t\t<div class=\"elementor-spacer-inner\"><\/div>\n\t\t<\/div>\n\t\t\t\t\t\t<\/div>\n\t\t\t\t<div class=\"elementor-element elementor-element-235a03a elementor-align-right elementor-mobile-align-center elementor-widget elementor-widget-button\" data-id=\"235a03a\" data-element_type=\"widget\" data-e-type=\"widget\" data-widget_type=\"button.default\">\n\t\t\t\t\t\t\t\t\t\t<a class=\"elementor-button elementor-button-link elementor-size-sm\" href=\"https:\/\/new.joliflair.com\/quyen-loi-khi-hop-tac\/\">\n\t\t\t\t\t\t<span class=\"elementor-button-content-wrapper\">\n\t\t\t\t\t\t\t\t\t<span class=\"elementor-button-text\">Learn More<\/span>\n\t\t\t\t\t<\/span>\n\t\t\t\t\t<\/a>\n\t\t\t\t\t\t\t\t<\/div>\n\t\t\t\t<\/div>\n\t\t<div class=\"elementor-element elementor-element-3c2eda2 e-flex e-con-boxed e-con e-parent\" data-id=\"3c2eda2\" data-element_type=\"container\" data-e-type=\"container\">\n\t\t\t\t\t<div class=\"e-con-inner\">\n\t\t\t\t<div class=\"elementor-element elementor-element-29bafc4 elementor-widget elementor-widget-spacer\" data-id=\"29bafc4\" data-element_type=\"widget\" data-e-type=\"widget\" data-widget_type=\"spacer.default\">\n\t\t\t\t\t\t\t<div class=\"elementor-spacer\">\n\t\t\t<div class=\"elementor-spacer-inner\"><\/div>\n\t\t<\/div>\n\t\t\t\t\t\t<\/div>\n\t\t\t\t\t<\/div>\n\t\t\t\t<\/div>\n\t\t<div class=\"elementor-element elementor-element-a446266 e-con-full e-flex e-con e-parent\" data-id=\"a446266\" data-element_type=\"container\" data-e-type=\"container\">\n\t\t\t\t<div class=\"elementor-element elementor-element-46651fb elementor-widget elementor-widget-heading\" data-id=\"46651fb\" data-element_type=\"widget\" data-e-type=\"widget\" data-widget_type=\"heading.default\">\n\t\t\t\t\t<h2 class=\"elementor-heading-title elementor-size-default\">Design Samples<\/h2>\t\t\t\t<\/div>\n\t\t\t\t<div class=\"elementor-element elementor-element-fa5959d elementor-widget elementor-widget-gallery\" data-id=\"fa5959d\" data-element_type=\"widget\" data-e-type=\"widget\" data-settings=\"{&quot;gallery_layout&quot;:&quot;masonry&quot;,&quot;columns&quot;:3,&quot;lazyload&quot;:&quot;yes&quot;,&quot;columns_tablet&quot;:2,&quot;columns_mobile&quot;:1,&quot;gap&quot;:{&quot;unit&quot;:&quot;px&quot;,&quot;size&quot;:10,&quot;sizes&quot;:[]},&quot;gap_tablet&quot;:{&quot;unit&quot;:&quot;px&quot;,&quot;size&quot;:10,&quot;sizes&quot;:[]},&quot;gap_mobile&quot;:{&quot;unit&quot;:&quot;px&quot;,&quot;size&quot;:10,&quot;sizes&quot;:[]},&quot;link_to&quot;:&quot;file&quot;,&quot;overlay_background&quot;:&quot;yes&quot;,&quot;content_hover_animation&quot;:&quot;fade-in&quot;}\" data-widget_type=\"gallery.default\">\n\t\t\t\t\t\t\t<div class=\"elementor-gallery__container\">\n\t\t\t\t\t\t\t<a class=\"e-gallery-item elementor-gallery-item elementor-animated-content\" href=\"https:\/\/new.joliflair.com\/wp-content\/uploads\/2026\/03\/PLAN-FP-JF-1.png\" data-elementor-open-lightbox=\"yes\" data-elementor-lightbox-slideshow=\"fa5959d\" data-e-action-hash=\"#elementor-action%3Aaction%3Dlightbox%26settings%3DeyJpZCI6MTE0OSwidXJsIjoiaHR0cHM6XC9cL25ldy5qb2xpZmxhaXIuY29tXC93cC1jb250ZW50XC91cGxvYWRzXC8yMDI2XC8wM1wvUExBTi1GUC1KRi0xLnBuZyIsInNsaWRlc2hvdyI6ImZhNTk1OWQifQ%3D%3D\">\n\t\t\t\t\t<div class=\"e-gallery-image elementor-gallery-item__image\" data-thumbnail=\"https:\/\/new.joliflair.com\/wp-content\/uploads\/2026\/03\/PLAN-FP-JF-1.png\" data-width=\"2000\" data-height=\"2000\" aria-label=\"\" role=\"img\" ><\/div>\n\t\t\t\t\t\t\t\t\t\t\t<div class=\"elementor-gallery-item__overlay\"><\/div>\n\t\t\t\t\t\t\t\t\t\t\t\t\t\t<\/a>\n\t\t\t\t\t\t\t<a class=\"e-gallery-item elementor-gallery-item elementor-animated-content\" href=\"https:\/\/new.joliflair.com\/wp-content\/uploads\/2026\/03\/PLAN-FP-JF-2.png\" data-elementor-open-lightbox=\"yes\" data-elementor-lightbox-slideshow=\"fa5959d\" data-e-action-hash=\"#elementor-action%3Aaction%3Dlightbox%26settings%3DeyJpZCI6MTE1MCwidXJsIjoiaHR0cHM6XC9cL25ldy5qb2xpZmxhaXIuY29tXC93cC1jb250ZW50XC91cGxvYWRzXC8yMDI2XC8wM1wvUExBTi1GUC1KRi0yLnBuZyIsInNsaWRlc2hvdyI6ImZhNTk1OWQifQ%3D%3D\">\n\t\t\t\t\t<div class=\"e-gallery-image elementor-gallery-item__image\" data-thumbnail=\"https:\/\/new.joliflair.com\/wp-content\/uploads\/2026\/03\/PLAN-FP-JF-2.png\" data-width=\"2000\" data-height=\"2000\" aria-label=\"\" role=\"img\" ><\/div>\n\t\t\t\t\t\t\t\t\t\t\t<div class=\"elementor-gallery-item__overlay\"><\/div>\n\t\t\t\t\t\t\t\t\t\t\t\t\t\t<\/a>\n\t\t\t\t\t\t\t<a class=\"e-gallery-item elementor-gallery-item elementor-animated-content\" href=\"https:\/\/new.joliflair.com\/wp-content\/uploads\/2026\/03\/PLAN-FP-JF-3.png\" data-elementor-open-lightbox=\"yes\" data-elementor-lightbox-slideshow=\"fa5959d\" data-e-action-hash=\"#elementor-action%3Aaction%3Dlightbox%26settings%3DeyJpZCI6MTE1MSwidXJsIjoiaHR0cHM6XC9cL25ldy5qb2xpZmxhaXIuY29tXC93cC1jb250ZW50XC91cGxvYWRzXC8yMDI2XC8wM1wvUExBTi1GUC1KRi0zLnBuZyIsInNsaWRlc2hvdyI6ImZhNTk1OWQifQ%3D%3D\">\n\t\t\t\t\t<div class=\"e-gallery-image elementor-gallery-item__image\" data-thumbnail=\"https:\/\/new.joliflair.com\/wp-content\/uploads\/2026\/03\/PLAN-FP-JF-3.png\" data-width=\"2000\" data-height=\"2000\" aria-label=\"\" role=\"img\" ><\/div>\n\t\t\t\t\t\t\t\t\t\t\t<div class=\"elementor-gallery-item__overlay\"><\/div>\n\t\t\t\t\t\t\t\t\t\t\t\t\t\t<\/a>\n\t\t\t\t\t\t\t<a class=\"e-gallery-item elementor-gallery-item elementor-animated-content\" href=\"https:\/\/new.joliflair.com\/wp-content\/uploads\/2026\/03\/PLAN-FP-JF-4.png\" data-elementor-open-lightbox=\"yes\" data-elementor-lightbox-slideshow=\"fa5959d\" data-e-action-hash=\"#elementor-action%3Aaction%3Dlightbox%26settings%3DeyJpZCI6MTE1MiwidXJsIjoiaHR0cHM6XC9cL25ldy5qb2xpZmxhaXIuY29tXC93cC1jb250ZW50XC91cGxvYWRzXC8yMDI2XC8wM1wvUExBTi1GUC1KRi00LnBuZyIsInNsaWRlc2hvdyI6ImZhNTk1OWQifQ%3D%3D\">\n\t\t\t\t\t<div class=\"e-gallery-image elementor-gallery-item__image\" data-thumbnail=\"https:\/\/new.joliflair.com\/wp-content\/uploads\/2026\/03\/PLAN-FP-JF-4.png\" data-width=\"2000\" data-height=\"2000\" aria-label=\"\" role=\"img\" ><\/div>\n\t\t\t\t\t\t\t\t\t\t\t<div class=\"elementor-gallery-item__overlay\"><\/div>\n\t\t\t\t\t\t\t\t\t\t\t\t\t\t<\/a>\n\t\t\t\t\t\t\t<a class=\"e-gallery-item elementor-gallery-item elementor-animated-content\" href=\"https:\/\/new.joliflair.com\/wp-content\/uploads\/2026\/03\/PLAN-FP-JF-5.png\" data-elementor-open-lightbox=\"yes\" data-elementor-lightbox-slideshow=\"fa5959d\" data-e-action-hash=\"#elementor-action%3Aaction%3Dlightbox%26settings%3DeyJpZCI6MTE1MywidXJsIjoiaHR0cHM6XC9cL25ldy5qb2xpZmxhaXIuY29tXC93cC1jb250ZW50XC91cGxvYWRzXC8yMDI2XC8wM1wvUExBTi1GUC1KRi01LnBuZyIsInNsaWRlc2hvdyI6ImZhNTk1OWQifQ%3D%3D\">\n\t\t\t\t\t<div class=\"e-gallery-image elementor-gallery-item__image\" data-thumbnail=\"https:\/\/new.joliflair.com\/wp-content\/uploads\/2026\/03\/PLAN-FP-JF-5.png\" data-width=\"2000\" data-height=\"2000\" aria-label=\"\" role=\"img\" ><\/div>\n\t\t\t\t\t\t\t\t\t\t\t<div class=\"elementor-gallery-item__overlay\"><\/div>\n\t\t\t\t\t\t\t\t\t\t\t\t\t\t<\/a>\n\t\t\t\t\t\t\t<a class=\"e-gallery-item elementor-gallery-item elementor-animated-content\" href=\"https:\/\/new.joliflair.com\/wp-content\/uploads\/2026\/03\/PLAN-FP-JF-6.png\" data-elementor-open-lightbox=\"yes\" data-elementor-lightbox-slideshow=\"fa5959d\" data-e-action-hash=\"#elementor-action%3Aaction%3Dlightbox%26settings%3DeyJpZCI6MTE1NCwidXJsIjoiaHR0cHM6XC9cL25ldy5qb2xpZmxhaXIuY29tXC93cC1jb250ZW50XC91cGxvYWRzXC8yMDI2XC8wM1wvUExBTi1GUC1KRi02LnBuZyIsInNsaWRlc2hvdyI6ImZhNTk1OWQifQ%3D%3D\">\n\t\t\t\t\t<div class=\"e-gallery-image elementor-gallery-item__image\" data-thumbnail=\"https:\/\/new.joliflair.com\/wp-content\/uploads\/2026\/03\/PLAN-FP-JF-6.png\" data-width=\"2000\" data-height=\"2000\" aria-label=\"\" role=\"img\" ><\/div>\n\t\t\t\t\t\t\t\t\t\t\t<div class=\"elementor-gallery-item__overlay\"><\/div>\n\t\t\t\t\t\t\t\t\t\t\t\t\t\t<\/a>\n\t\t\t\t\t\t\t<a class=\"e-gallery-item elementor-gallery-item elementor-animated-content\" href=\"https:\/\/new.joliflair.com\/wp-content\/uploads\/2026\/03\/PLAN-FP-JF-7.png\" data-elementor-open-lightbox=\"yes\" data-elementor-lightbox-slideshow=\"fa5959d\" data-e-action-hash=\"#elementor-action%3Aaction%3Dlightbox%26settings%3DeyJpZCI6MTE1NSwidXJsIjoiaHR0cHM6XC9cL25ldy5qb2xpZmxhaXIuY29tXC93cC1jb250ZW50XC91cGxvYWRzXC8yMDI2XC8wM1wvUExBTi1GUC1KRi03LnBuZyIsInNsaWRlc2hvdyI6ImZhNTk1OWQifQ%3D%3D\">\n\t\t\t\t\t<div class=\"e-gallery-image elementor-gallery-item__image\" data-thumbnail=\"https:\/\/new.joliflair.com\/wp-content\/uploads\/2026\/03\/PLAN-FP-JF-7.png\" data-width=\"2000\" data-height=\"2000\" aria-label=\"\" role=\"img\" ><\/div>\n\t\t\t\t\t\t\t\t\t\t\t<div class=\"elementor-gallery-item__overlay\"><\/div>\n\t\t\t\t\t\t\t\t\t\t\t\t\t\t<\/a>\n\t\t\t\t\t\t\t<a class=\"e-gallery-item elementor-gallery-item elementor-animated-content\" href=\"https:\/\/new.joliflair.com\/wp-content\/uploads\/2026\/03\/PLAN-FP-JF-8.png\" data-elementor-open-lightbox=\"yes\" data-elementor-lightbox-slideshow=\"fa5959d\" data-e-action-hash=\"#elementor-action%3Aaction%3Dlightbox%26settings%3DeyJpZCI6MTE1NiwidXJsIjoiaHR0cHM6XC9cL25ldy5qb2xpZmxhaXIuY29tXC93cC1jb250ZW50XC91cGxvYWRzXC8yMDI2XC8wM1wvUExBTi1GUC1KRi04LnBuZyIsInNsaWRlc2hvdyI6ImZhNTk1OWQifQ%3D%3D\">\n\t\t\t\t\t<div class=\"e-gallery-image elementor-gallery-item__image\" data-thumbnail=\"https:\/\/new.joliflair.com\/wp-content\/uploads\/2026\/03\/PLAN-FP-JF-8.png\" data-width=\"2000\" data-height=\"2000\" aria-label=\"\" role=\"img\" ><\/div>\n\t\t\t\t\t\t\t\t\t\t\t<div class=\"elementor-gallery-item__overlay\"><\/div>\n\t\t\t\t\t\t\t\t\t\t\t\t\t\t<\/a>\n\t\t\t\t\t\t\t<a class=\"e-gallery-item elementor-gallery-item elementor-animated-content\" href=\"https:\/\/new.joliflair.com\/wp-content\/uploads\/2026\/03\/PLAN-FP-JF-9.png\" data-elementor-open-lightbox=\"yes\" data-elementor-lightbox-slideshow=\"fa5959d\" data-e-action-hash=\"#elementor-action%3Aaction%3Dlightbox%26settings%3DeyJpZCI6MTE1NywidXJsIjoiaHR0cHM6XC9cL25ldy5qb2xpZmxhaXIuY29tXC93cC1jb250ZW50XC91cGxvYWRzXC8yMDI2XC8wM1wvUExBTi1GUC1KRi05LnBuZyIsInNsaWRlc2hvdyI6ImZhNTk1OWQifQ%3D%3D\">\n\t\t\t\t\t<div class=\"e-gallery-image elementor-gallery-item__image\" data-thumbnail=\"https:\/\/new.joliflair.com\/wp-content\/uploads\/2026\/03\/PLAN-FP-JF-9.png\" data-width=\"2000\" data-height=\"2000\" aria-label=\"\" role=\"img\" ><\/div>\n\t\t\t\t\t\t\t\t\t\t\t<div class=\"elementor-gallery-item__overlay\"><\/div>\n\t\t\t\t\t\t\t\t\t\t\t\t\t\t<\/a>\n\t\t\t\t\t\t\t<a class=\"e-gallery-item elementor-gallery-item elementor-animated-content\" href=\"https:\/\/new.joliflair.com\/wp-content\/uploads\/2026\/03\/PLAN-FP-JF-10-1.png\" data-elementor-open-lightbox=\"yes\" data-elementor-lightbox-slideshow=\"fa5959d\" data-e-action-hash=\"#elementor-action%3Aaction%3Dlightbox%26settings%3DeyJpZCI6MTE1OCwidXJsIjoiaHR0cHM6XC9cL25ldy5qb2xpZmxhaXIuY29tXC93cC1jb250ZW50XC91cGxvYWRzXC8yMDI2XC8wM1wvUExBTi1GUC1KRi0xMC0xLnBuZyIsInNsaWRlc2hvdyI6ImZhNTk1OWQifQ%3D%3D\">\n\t\t\t\t\t<div class=\"e-gallery-image elementor-gallery-item__image\" data-thumbnail=\"https:\/\/new.joliflair.com\/wp-content\/uploads\/2026\/03\/PLAN-FP-JF-10-1.png\" data-width=\"2000\" data-height=\"2000\" aria-label=\"\" role=\"img\" ><\/div>\n\t\t\t\t\t\t\t\t\t\t\t<div class=\"elementor-gallery-item__overlay\"><\/div>\n\t\t\t\t\t\t\t\t\t\t\t\t\t\t<\/a>\n\t\t\t\t\t<\/div>\n\t\t\t\t\t<\/div>\n\t\t\t\t<\/div>\n\t\t<div class=\"elementor-element elementor-element-281df8c e-flex e-con-boxed e-con e-parent\" data-id=\"281df8c\" data-element_type=\"container\" data-e-type=\"container\">\n\t\t\t\t\t<div class=\"e-con-inner\">\n\t\t\t\t<div class=\"elementor-element elementor-element-8cafa81 elementor-widget elementor-widget-spacer\" data-id=\"8cafa81\" data-element_type=\"widget\" data-e-type=\"widget\" data-widget_type=\"spacer.default\">\n\t\t\t\t\t\t\t<div class=\"elementor-spacer\">\n\t\t\t<div class=\"elementor-spacer-inner\"><\/div>\n\t\t<\/div>\n\t\t\t\t\t\t<\/div>\n\t\t\t\t\t<\/div>\n\t\t\t\t<\/div>\n\t\t\t\t<\/div>","protected":false},"excerpt":{"rendered":"<p>\u0110\u1ed1i T\u00e1c Quy\u1ec1n L\u1ee3i Khi H\u1ee3p T\u00e1c c\u00d9NG joliflair T\u00ecm Hi\u1ec3u Th\u00eam C\u00e1c M\u1eabu Thi\u1ebft K\u1ebf<\/p>","protected":false},"author":1,"featured_media":0,"parent":0,"menu_order":0,"comment_status":"closed","ping_status":"closed","template":"","meta":{"_kad_post_transparent":"","_kad_post_title":"hide","_kad_post_layout":"fullwidth","_kad_post_sidebar_id":"","_kad_post_content_style":"unboxed","_kad_post_vertical_padding":"hide","_kad_post_feature":"hide","_kad_post_feature_position":"","_kad_post_header":false,"_kad_post_footer":false,"_kad_post_classname":"","footnotes":""},"class_list":["post-67","page","type-page","status-publish","hentry"],"_links":{"self":[{"href":"https:\/\/new.joliflair.com\/en\/wp-json\/wp\/v2\/pages\/67","targetHints":{"allow":["GET"]}}],"collection":[{"href":"https:\/\/new.joliflair.com\/en\/wp-json\/wp\/v2\/pages"}],"about":[{"href":"https:\/\/new.joliflair.com\/en\/wp-json\/wp\/v2\/types\/page"}],"author":[{"embeddable":true,"href":"https:\/\/new.joliflair.com\/en\/wp-json\/wp\/v2\/users\/1"}],"replies":[{"embeddable":true,"href":"https:\/\/new.joliflair.com\/en\/wp-json\/wp\/v2\/comments?post=67"}],"version-history":[{"count":148,"href":"https:\/\/new.joliflair.com\/en\/wp-json\/wp\/v2\/pages\/67\/revisions"}],"predecessor-version":[{"id":1814,"href":"https:\/\/new.joliflair.com\/en\/wp-json\/wp\/v2\/pages\/67\/revisions\/1814"}],"wp:attachment":[{"href":"https:\/\/new.joliflair.com\/en\/wp-json\/wp\/v2\/media?parent=67"}],"curies":[{"name":"wp","href":"https:\/\/api.w.org\/{rel}","templated":true}]}}