{"id":81,"date":"2026-02-04T12:34:17","date_gmt":"2026-02-04T12:34:17","guid":{"rendered":"https:\/\/new.joliflair.com\/?page_id=81"},"modified":"2026-03-05T01:31:33","modified_gmt":"2026-03-05T01:31:33","slug":"doi-ngu-nhan-vien","status":"publish","type":"page","link":"https:\/\/new.joliflair.com\/en\/doi-ngu-nhan-vien\/","title":{"rendered":"Our Team"},"content":{"rendered":"<div data-elementor-type=\"wp-page\" data-elementor-id=\"81\" class=\"elementor elementor-81\" data-elementor-post-type=\"page\">\n\t\t\t\t<div class=\"elementor-element elementor-element-dbcb7a0 e-flex e-con-boxed e-con e-parent\" data-id=\"dbcb7a0\" data-element_type=\"container\" data-e-type=\"container\" data-settings=\"{&quot;background_background&quot;:&quot;classic&quot;}\">\n\t\t\t\t\t<div class=\"e-con-inner\">\n\t\t\t\t<div class=\"elementor-element elementor-element-d47808d elementor-widget elementor-widget-heading\" data-id=\"d47808d\" data-element_type=\"widget\" data-e-type=\"widget\" data-widget_type=\"heading.default\">\n\t\t\t\t\t<h2 class=\"elementor-heading-title elementor-size-default\">Our Team<\/h2>\t\t\t\t<\/div>\n\t\t\t\t\t<\/div>\n\t\t\t\t<\/div>\n\t\t<div class=\"elementor-element elementor-element-618bd2d e-flex e-con-boxed e-con e-parent\" data-id=\"618bd2d\" data-element_type=\"container\" data-e-type=\"container\">\n\t\t\t\t\t<div class=\"e-con-inner\">\n\t\t\t\t<div class=\"elementor-element elementor-element-da2414b elementor-widget elementor-widget-spacer\" data-id=\"da2414b\" data-element_type=\"widget\" data-e-type=\"widget\" data-widget_type=\"spacer.default\">\n\t\t\t\t\t\t\t<div class=\"elementor-spacer\">\n\t\t\t<div class=\"elementor-spacer-inner\"><\/div>\n\t\t<\/div>\n\t\t\t\t\t\t<\/div>\n\t\t\t\t\t<\/div>\n\t\t\t\t<\/div>\n\t\t<div class=\"elementor-element elementor-element-1f0eead e-con-full e-flex e-con e-parent\" data-id=\"1f0eead\" data-element_type=\"container\" data-e-type=\"container\">\n\t\t<div class=\"elementor-element elementor-element-8c5e7af e-con-full e-flex e-con e-child\" data-id=\"8c5e7af\" data-element_type=\"container\" data-e-type=\"container\">\n\t\t\t\t<div class=\"elementor-element elementor-element-9ce847b elementor-widget elementor-widget-heading\" data-id=\"9ce847b\" data-element_type=\"widget\" data-e-type=\"widget\" data-widget_type=\"heading.default\">\n\t\t\t\t\t<h2 class=\"elementor-heading-title elementor-size-default\">Meet Team<\/h2>\t\t\t\t<\/div>\n\t\t\t\t<\/div>\n\t\t<div class=\"elementor-element elementor-element-bdbd231 e-con-full e-flex e-con e-child\" data-id=\"bdbd231\" data-element_type=\"container\" data-e-type=\"container\">\n\t\t\t\t<div class=\"elementor-element elementor-element-b226c30 elementor-widget elementor-widget-text-editor\" data-id=\"b226c30\" data-element_type=\"widget\" data-e-type=\"widget\" data-widget_type=\"text-editor.default\">\n\t\t\t\t\t\t\t\t\tThe JOLIFLAIR team is structured with a clear specialization approach. Each member is responsible for a key function while working in close coordination within the overall strategy. \t\t\t\t\t\t\t\t<\/div>\n\t\t\t\t<\/div>\n\t\t\t\t<\/div>\n\t\t<div class=\"elementor-element elementor-element-7b1f993 e-flex e-con-boxed e-con e-parent\" data-id=\"7b1f993\" data-element_type=\"container\" data-e-type=\"container\">\n\t\t\t\t\t<div class=\"e-con-inner\">\n\t\t\t\t<div class=\"elementor-element elementor-element-a4648d1 elementor-widget elementor-widget-spacer\" data-id=\"a4648d1\" data-element_type=\"widget\" data-e-type=\"widget\" data-widget_type=\"spacer.default\">\n\t\t\t\t\t\t\t<div class=\"elementor-spacer\">\n\t\t\t<div class=\"elementor-spacer-inner\"><\/div>\n\t\t<\/div>\n\t\t\t\t\t\t<\/div>\n\t\t\t\t\t<\/div>\n\t\t\t\t<\/div>\n\t\t<div class=\"elementor-element elementor-element-57e3c55 e-con-full e-flex e-con e-parent\" data-id=\"57e3c55\" data-element_type=\"container\" data-e-type=\"container\">\n\t\t<div class=\"elementor-element elementor-element-eb5ca33 e-con-full e-flex e-con e-child\" data-id=\"eb5ca33\" data-element_type=\"container\" data-e-type=\"container\">\n\t\t\t\t<div class=\"elementor-element elementor-element-3624894 elementor-widget elementor-widget-image\" data-id=\"3624894\" data-element_type=\"widget\" data-e-type=\"widget\" data-widget_type=\"image.default\">\n\t\t\t\t\t\t\t\t\t\t\t\t\t\t\t<img fetchpriority=\"high\" decoding=\"async\" width=\"1500\" height=\"1500\" src=\"https:\/\/new.joliflair.com\/wp-content\/uploads\/2026\/03\/Thiet-ke-chua-co-ten-2026-03-05T082629.834.png\" class=\"attachment-full size-full wp-image-1468\" alt=\"\" srcset=\"https:\/\/new.joliflair.com\/wp-content\/uploads\/2026\/03\/Thiet-ke-chua-co-ten-2026-03-05T082629.834.png 1500w, https:\/\/new.joliflair.com\/wp-content\/uploads\/2026\/03\/Thiet-ke-chua-co-ten-2026-03-05T082629.834-300x300.png 300w, https:\/\/new.joliflair.com\/wp-content\/uploads\/2026\/03\/Thiet-ke-chua-co-ten-2026-03-05T082629.834-1024x1024.png 1024w, https:\/\/new.joliflair.com\/wp-content\/uploads\/2026\/03\/Thiet-ke-chua-co-ten-2026-03-05T082629.834-150x150.png 150w, https:\/\/new.joliflair.com\/wp-content\/uploads\/2026\/03\/Thiet-ke-chua-co-ten-2026-03-05T082629.834-768x768.png 768w, https:\/\/new.joliflair.com\/wp-content\/uploads\/2026\/03\/Thiet-ke-chua-co-ten-2026-03-05T082629.834-600x600.png 600w, https:\/\/new.joliflair.com\/wp-content\/uploads\/2026\/03\/Thiet-ke-chua-co-ten-2026-03-05T082629.834-100x100.png 100w\" sizes=\"(max-width: 1500px) 100vw, 1500px\" \/>\t\t\t\t\t\t\t\t\t\t\t\t\t\t\t<\/div>\n\t\t<div class=\"elementor-element elementor-element-184762d e-con-full e-flex e-con e-child\" data-id=\"184762d\" data-element_type=\"container\" data-e-type=\"container\" data-settings=\"{&quot;position&quot;:&quot;absolute&quot;}\">\n\t\t<div class=\"elementor-element elementor-element-905688b e-con-full e-flex e-con e-child\" data-id=\"905688b\" data-element_type=\"container\" data-e-type=\"container\" data-settings=\"{&quot;background_background&quot;:&quot;classic&quot;}\">\n\t\t\t\t<div class=\"elementor-element elementor-element-413a2e0 elementor-widget elementor-widget-heading\" data-id=\"413a2e0\" data-element_type=\"widget\" data-e-type=\"widget\" data-widget_type=\"heading.default\">\n\t\t\t\t\t<h2 class=\"elementor-heading-title elementor-size-default\">Ph\u01b0\u01a1ng Trang<\/h2>\t\t\t\t<\/div>\n\t\t\t\t<div class=\"elementor-element elementor-element-d8d9fa8 elementor-widget elementor-widget-text-editor\" data-id=\"d8d9fa8\" data-element_type=\"widget\" data-e-type=\"widget\" data-widget_type=\"text-editor.default\">\n\t\t\t\t\t\t\t\t\tCEO \t\t\t\t\t\t\t\t<\/div>\n\t\t\t\t<\/div>\n\t\t\t\t<\/div>\n\t\t\t\t<\/div>\n\t\t<div class=\"elementor-element elementor-element-eae419e e-con-full e-flex e-con e-child\" data-id=\"eae419e\" data-element_type=\"container\" data-e-type=\"container\">\n\t\t\t\t<div class=\"elementor-element elementor-element-eab1628 elementor-widget elementor-widget-image\" data-id=\"eab1628\" data-element_type=\"widget\" data-e-type=\"widget\" data-widget_type=\"image.default\">\n\t\t\t\t\t\t\t\t\t\t\t\t\t\t\t<img decoding=\"async\" width=\"1278\" height=\"1280\" src=\"https:\/\/new.joliflair.com\/wp-content\/uploads\/2026\/03\/32cae200-a972-4a22-90bd-0bea24c7339b.jpg\" class=\"attachment-full size-full wp-image-1472\" alt=\"\" srcset=\"https:\/\/new.joliflair.com\/wp-content\/uploads\/2026\/03\/32cae200-a972-4a22-90bd-0bea24c7339b.jpg 1278w, https:\/\/new.joliflair.com\/wp-content\/uploads\/2026\/03\/32cae200-a972-4a22-90bd-0bea24c7339b-300x300.jpg 300w, https:\/\/new.joliflair.com\/wp-content\/uploads\/2026\/03\/32cae200-a972-4a22-90bd-0bea24c7339b-1022x1024.jpg 1022w, https:\/\/new.joliflair.com\/wp-content\/uploads\/2026\/03\/32cae200-a972-4a22-90bd-0bea24c7339b-150x150.jpg 150w, https:\/\/new.joliflair.com\/wp-content\/uploads\/2026\/03\/32cae200-a972-4a22-90bd-0bea24c7339b-768x769.jpg 768w, https:\/\/new.joliflair.com\/wp-content\/uploads\/2026\/03\/32cae200-a972-4a22-90bd-0bea24c7339b-600x601.jpg 600w, https:\/\/new.joliflair.com\/wp-content\/uploads\/2026\/03\/32cae200-a972-4a22-90bd-0bea24c7339b-100x100.jpg 100w\" sizes=\"(max-width: 1278px) 100vw, 1278px\" \/>\t\t\t\t\t\t\t\t\t\t\t\t\t\t\t<\/div>\n\t\t<div class=\"elementor-element elementor-element-ebbca3c e-con-full e-flex e-con e-child\" data-id=\"ebbca3c\" data-element_type=\"container\" data-e-type=\"container\" data-settings=\"{&quot;position&quot;:&quot;absolute&quot;}\">\n\t\t<div class=\"elementor-element elementor-element-bcd0d17 e-con-full e-flex e-con e-child\" data-id=\"bcd0d17\" data-element_type=\"container\" data-e-type=\"container\" data-settings=\"{&quot;background_background&quot;:&quot;classic&quot;}\">\n\t\t\t\t<div class=\"elementor-element elementor-element-1bf93e7 elementor-widget elementor-widget-heading\" data-id=\"1bf93e7\" data-element_type=\"widget\" data-e-type=\"widget\" data-widget_type=\"heading.default\">\n\t\t\t\t\t<h2 class=\"elementor-heading-title elementor-size-default\">M\u1ef9 Uy\u00ean<\/h2>\t\t\t\t<\/div>\n\t\t\t\t<div class=\"elementor-element elementor-element-1f66794 elementor-widget elementor-widget-text-editor\" data-id=\"1f66794\" data-element_type=\"widget\" data-e-type=\"widget\" data-widget_type=\"text-editor.default\">\n\t\t\t\t\t\t\t\t\tMarketing \t\t\t\t\t\t\t\t<\/div>\n\t\t\t\t<\/div>\n\t\t\t\t<\/div>\n\t\t\t\t<\/div>\n\t\t<div class=\"elementor-element elementor-element-782479c e-con-full e-flex e-con e-child\" data-id=\"782479c\" data-element_type=\"container\" data-e-type=\"container\">\n\t\t\t\t<div class=\"elementor-element elementor-element-5ed232c elementor-widget elementor-widget-image\" data-id=\"5ed232c\" data-element_type=\"widget\" data-e-type=\"widget\" data-widget_type=\"image.default\">\n\t\t\t\t\t\t\t\t\t\t\t\t\t\t\t<img decoding=\"async\" width=\"1277\" height=\"1280\" src=\"https:\/\/new.joliflair.com\/wp-content\/uploads\/2026\/03\/1ba0b89c-c02a-4598-a7d4-c8880a3366b5.jpg\" class=\"attachment-full size-full wp-image-1476\" alt=\"\" srcset=\"https:\/\/new.joliflair.com\/wp-content\/uploads\/2026\/03\/1ba0b89c-c02a-4598-a7d4-c8880a3366b5.jpg 1277w, https:\/\/new.joliflair.com\/wp-content\/uploads\/2026\/03\/1ba0b89c-c02a-4598-a7d4-c8880a3366b5-300x300.jpg 300w, https:\/\/new.joliflair.com\/wp-content\/uploads\/2026\/03\/1ba0b89c-c02a-4598-a7d4-c8880a3366b5-1022x1024.jpg 1022w, https:\/\/new.joliflair.com\/wp-content\/uploads\/2026\/03\/1ba0b89c-c02a-4598-a7d4-c8880a3366b5-150x150.jpg 150w, https:\/\/new.joliflair.com\/wp-content\/uploads\/2026\/03\/1ba0b89c-c02a-4598-a7d4-c8880a3366b5-768x770.jpg 768w, https:\/\/new.joliflair.com\/wp-content\/uploads\/2026\/03\/1ba0b89c-c02a-4598-a7d4-c8880a3366b5-600x601.jpg 600w, https:\/\/new.joliflair.com\/wp-content\/uploads\/2026\/03\/1ba0b89c-c02a-4598-a7d4-c8880a3366b5-100x100.jpg 100w\" sizes=\"(max-width: 1277px) 100vw, 1277px\" \/>\t\t\t\t\t\t\t\t\t\t\t\t\t\t\t<\/div>\n\t\t<div class=\"elementor-element elementor-element-ac0bd46 e-con-full e-flex e-con e-child\" data-id=\"ac0bd46\" data-element_type=\"container\" data-e-type=\"container\" data-settings=\"{&quot;position&quot;:&quot;absolute&quot;}\">\n\t\t<div class=\"elementor-element elementor-element-fca329d e-con-full e-flex e-con e-child\" data-id=\"fca329d\" data-element_type=\"container\" data-e-type=\"container\" data-settings=\"{&quot;background_background&quot;:&quot;classic&quot;}\">\n\t\t\t\t<div class=\"elementor-element elementor-element-cf13aaf elementor-widget elementor-widget-heading\" data-id=\"cf13aaf\" data-element_type=\"widget\" data-e-type=\"widget\" data-widget_type=\"heading.default\">\n\t\t\t\t\t<h2 class=\"elementor-heading-title elementor-size-default\">Ph\u01b0\u01a1ng Uy\u00ean<\/h2>\t\t\t\t<\/div>\n\t\t\t\t<div class=\"elementor-element elementor-element-57c146e elementor-widget elementor-widget-text-editor\" data-id=\"57c146e\" data-element_type=\"widget\" data-e-type=\"widget\" data-widget_type=\"text-editor.default\">\n\t\t\t\t\t\t\t\t\tEvent Management \t\t\t\t\t\t\t\t<\/div>\n\t\t\t\t<\/div>\n\t\t\t\t<\/div>\n\t\t\t\t<\/div>\n\t\t\t\t<\/div>\n\t\t<div class=\"elementor-element elementor-element-99bb3b6 e-flex e-con-boxed e-con e-parent\" data-id=\"99bb3b6\" data-element_type=\"container\" data-e-type=\"container\">\n\t\t\t\t\t<div class=\"e-con-inner\">\n\t\t\t\t<div class=\"elementor-element elementor-element-dd282ef elementor-widget elementor-widget-spacer\" data-id=\"dd282ef\" data-element_type=\"widget\" data-e-type=\"widget\" data-widget_type=\"spacer.default\">\n\t\t\t\t\t\t\t<div class=\"elementor-spacer\">\n\t\t\t<div class=\"elementor-spacer-inner\"><\/div>\n\t\t<\/div>\n\t\t\t\t\t\t<\/div>\n\t\t\t\t\t<\/div>\n\t\t\t\t<\/div>\n\t\t\t\t<\/div>","protected":false},"excerpt":{"rendered":"<p>\u0110\u1ed9i Ng\u0169 Nh\u00e2n Vi\u00ean Meet Team \u0110\u1ed9i ng\u0169 c\u1ee7a JOLIFLAIR \u0111\u01b0\u1ee3c x\u00e2y d\u1ef1ng theo \u0111\u1ecbnh h\u01b0\u1edbng chuy\u00ean m\u00f4n h\u00f3a r\u00f5 r\u00e0ng, m\u1ed7i th\u00e0nh vi\u00ean ph\u1ee5 tr\u00e1ch m\u1ed9t m\u1ea3ng tr\u1ecdng y\u1ebfu nh\u01b0ng ph\u1ed1i h\u1ee3p ch\u1eb7t ch\u1ebd trong chi\u1ebfn l\u01b0\u1ee3c chung. Ph\u01b0\u01a1ng Trang CEO M\u1ef9 Uy\u00ean Marketing Ph\u01b0\u01a1ng Uy\u00ean T\u1ed5 ch\u1ee9c s\u1ef1 ki\u1ec7n<\/p>","protected":false},"author":1,"featured_media":0,"parent":0,"menu_order":0,"comment_status":"closed","ping_status":"closed","template":"","meta":{"_kad_post_transparent":"","_kad_post_title":"hide","_kad_post_layout":"fullwidth","_kad_post_sidebar_id":"","_kad_post_content_style":"unboxed","_kad_post_vertical_padding":"hide","_kad_post_feature":"hide","_kad_post_feature_position":"","_kad_post_header":false,"_kad_post_footer":false,"_kad_post_classname":"","footnotes":""},"class_list":["post-81","page","type-page","status-publish","hentry"],"_links":{"self":[{"href":"https:\/\/new.joliflair.com\/en\/wp-json\/wp\/v2\/pages\/81","targetHints":{"allow":["GET"]}}],"collection":[{"href":"https:\/\/new.joliflair.com\/en\/wp-json\/wp\/v2\/pages"}],"about":[{"href":"https:\/\/new.joliflair.com\/en\/wp-json\/wp\/v2\/types\/page"}],"author":[{"embeddable":true,"href":"https:\/\/new.joliflair.com\/en\/wp-json\/wp\/v2\/users\/1"}],"replies":[{"embeddable":true,"href":"https:\/\/new.joliflair.com\/en\/wp-json\/wp\/v2\/comments?post=81"}],"version-history":[{"count":103,"href":"https:\/\/new.joliflair.com\/en\/wp-json\/wp\/v2\/pages\/81\/revisions"}],"predecessor-version":[{"id":1488,"href":"https:\/\/new.joliflair.com\/en\/wp-json\/wp\/v2\/pages\/81\/revisions\/1488"}],"wp:attachment":[{"href":"https:\/\/new.joliflair.com\/en\/wp-json\/wp\/v2\/media?parent=81"}],"curies":[{"name":"wp","href":"https:\/\/api.w.org\/{rel}","templated":true}]}}